{"id":133,"date":"2016-11-20T23:50:45","date_gmt":"2016-11-20T22:50:45","guid":{"rendered":"http:\/\/germaniahorstmar.de\/fussball\/?page_id=133"},"modified":"2023-11-18T12:01:14","modified_gmt":"2023-11-18T11:01:14","slug":"jugend","status":"publish","type":"page","link":"https:\/\/germaniahorstmar.de\/fussball\/jugend\/","title":{"rendered":"Jugendspielgemeinschaft"},"content":{"rendered":"<h2 style=\"text-align: center\"><span style=\"color: #293bb4\">JUGENDSPIELGEMEINSCHAFTEN &#8211; &#8222;mit der Zeit gehen&#8220;<\/span><\/h2>\n<p>In Horstmar und Leer erkannten die beiden Sportvereine in den Neunziger Jahren schnell, dass sich kleinere Vereine nur dann halten k\u00f6nnen, wenn sie sich zusammentun. Und genau dies forcierten die Jugendabteilungen von TuS Germania Horstmar und Westfalia Leer, als sie ihre Mannschaften zun\u00e4chst ab der D-Jugend zusammenfassten.\u00a0 Nach einigen Jahren wurde die etablierte Zusammenarbeit auf die gesamte Jugendabteilung ausgeweitet.<\/p>\n<p><strong>Ab der Saison 2021\/2022 wurde erstmalig eine Kooperation mit dem ASC Sch\u00f6ppingen gestartet. Zu kleine Mannschaften und gar Abmeldungen w\u00e4hrend einer Saison waren mehr Alltag als Ausnahme &#8211; da haben die Vereine\u00a0 erkannt, dass die erweiterte Zusammenarbeit als L\u00f6sung erstrebenswert erschien und bei den A- und B- Junioren kurzfristig umgesetzt wurde. Ab der Folgesaison, also ab Sommer 2022 gehen die Germanen zusammen mit dem ASC von den D- bis zu den A- Junioren in einer offiziellen Spielgemeinschaft an den Start, die im Rahmen einer vereins- und orts\u00fcbergreifenden Kooperation von den Spielern des SV Westfalia Leer sowie SV Eggerode komplettiert wird. <\/strong><\/p>\n<p><strong>So ist es allen 4 Vereinen m\u00f6glich, in allen Altersklassen Mannschaften zu stellen, bzw. dem eigenen Nachwuchs eine Spielm\u00f6glichkeit zu geben.<\/strong><\/p>\n<p><strong> Der demographische Wandel verbunden mit Problemen in einigen Geburtsjahrg\u00e4ngen machte diesen Schritt f\u00fcr alle Beteiligten unumg\u00e4nglich. Je nach Jahrgang sind teilweise auch viele Spieler am Start, sodass wir in der Jugend insgesamt mal mit weniger, mal mit mehr Mannschaften an den Start gehen k\u00f6nnen. Die Strukturen f\u00fcr eine langfristig erfolgreiche Zusammenarbeit sind geschaffen, die gemeinsamen Schulstandorte (viele Spieler und Eltern kennen sich bereits) sowie die geographische Lage (kurze Anfahrtswege im &#8222;Dreil\u00e4ndereck&#8220;) kommen uns ebenfalls entgegen.<\/strong><\/p>\n<p>Langfristig gesehen muss es das Ziel sein, den Jugendfu\u00dfball auf zwei S\u00e4ulen aufzubauen. Zum einen sollen m\u00f6glichst viele Spieler ad\u00e4quat ausgebildet werden, um die Seniorenmannschaften dauerhaft mit eigenen Spielern verst\u00e4rken zu k\u00f6nnen, zum anderen soll allen Kindern und Jugendlichen, egal in welcher Spielklasse, die M\u00f6glichkeit gegeben werden, dem Fu\u00dfballsport als Hobby nachgehen zu k\u00f6nnen.<\/p>\n<p>W\u00e4hrend bis zu den E-Junioren ortsbezogen die &#8222;alten Spielgemeinschaften&#8220; (Horstmar\/Leer und Sch\u00f6ppingen\/Eggerode) weiterhin zusammen spielen k\u00f6nnen, treten wir in der D- und B- Jugend als JSG Horstmar\/Sch\u00f6ppingen im Kreis Steinfurt und bei den C- und A- Junioren unter Federf\u00fchrung des ASC Sch\u00f6ppingen im Fu\u00dfballkreis Ahaus\/Coesfeld an.<\/p>\n<p>\u00a0<\/p>\n<p>\u00a0<\/p>\n<p style=\"text-align: center\"><img loading=\"lazy\" decoding=\"async\" class=\"alignnone size-medium wp-image-3032\" src=\"https:\/\/germaniahorstmar.de\/fussball\/wp-content\/uploads\/sites\/3\/2023\/11\/wappen-300x278.jpg\" alt=\"\" width=\"300\" height=\"278\" srcset=\"https:\/\/germaniahorstmar.de\/fussball\/wp-content\/uploads\/sites\/3\/2023\/11\/wappen-300x278.jpg 300w, https:\/\/germaniahorstmar.de\/fussball\/wp-content\/uploads\/sites\/3\/2023\/11\/wappen-158x146.jpg 158w, https:\/\/germaniahorstmar.de\/fussball\/wp-content\/uploads\/sites\/3\/2023\/11\/wappen-50x46.jpg 50w, https:\/\/germaniahorstmar.de\/fussball\/wp-content\/uploads\/sites\/3\/2023\/11\/wappen-81x75.jpg 81w, https:\/\/germaniahorstmar.de\/fussball\/wp-content\/uploads\/sites\/3\/2023\/11\/wappen.jpg 440w\" sizes=\"auto, (max-width:767px) 300px, 300px\" \/><\/p>\n\n\n<p><\/p>\n","protected":false},"excerpt":{"rendered":"<p>JUGENDSPIELGEMEINSCHAFTEN &#8211; &#8222;mit der Zeit gehen&#8220; In Horstmar und Leer erkannten die beiden Sportvereine in den Neunziger Jahren schnell, dass sich kleinere Vereine nur dann halten<span class=\"excerpt-hellip\"> [\u2026]<\/span><\/p>\n","protected":false},"author":1,"featured_media":0,"parent":0,"menu_order":0,"comment_status":"closed","ping_status":"closed","template":"","meta":{"footnotes":""},"class_list":["post-133","page","type-page","status-publish","hentry"],"_links":{"self":[{"href":"https:\/\/germaniahorstmar.de\/fussball\/wp-json\/wp\/v2\/pages\/133","targetHints":{"allow":["GET"]}}],"collection":[{"href":"https:\/\/germaniahorstmar.de\/fussball\/wp-json\/wp\/v2\/pages"}],"about":[{"href":"https:\/\/germaniahorstmar.de\/fussball\/wp-json\/wp\/v2\/types\/page"}],"author":[{"embeddable":true,"href":"https:\/\/germaniahorstmar.de\/fussball\/wp-json\/wp\/v2\/users\/1"}],"replies":[{"embeddable":true,"href":"https:\/\/germaniahorstmar.de\/fussball\/wp-json\/wp\/v2\/comments?post=133"}],"version-history":[{"count":9,"href":"https:\/\/germaniahorstmar.de\/fussball\/wp-json\/wp\/v2\/pages\/133\/revisions"}],"predecessor-version":[{"id":3033,"href":"https:\/\/germaniahorstmar.de\/fussball\/wp-json\/wp\/v2\/pages\/133\/revisions\/3033"}],"wp:attachment":[{"href":"https:\/\/germaniahorstmar.de\/fussball\/wp-json\/wp\/v2\/media?parent=133"}],"curies":[{"name":"wp","href":"https:\/\/api.w.org\/{rel}","templated":true}]}}