{"id":154,"date":"2016-11-21T00:46:40","date_gmt":"2016-11-20T23:46:40","guid":{"rendered":"http:\/\/germaniahorstmar.de\/fussball\/?page_id=154"},"modified":"2024-08-07T15:55:28","modified_gmt":"2024-08-07T13:55:28","slug":"startseite-fussball","status":"publish","type":"page","link":"https:\/\/germaniahorstmar.de\/fussball\/","title":{"rendered":"Startseite &#8211; Fu\u00dfball"},"content":{"rendered":"<h2 style=\"text-align: center\"><span style=\"font-family: helvetica, arial, sans-serif\">TuS Germania Horstmar \u2013 Fu\u00dfball<\/span><\/h2>\n<h5 style=\"text-align: center\"><span style=\"font-size: 14pt;font-family: helvetica, arial, sans-serif\">Willkommen auf der offiziellen Homepage der Fu\u00dfballer des TuS Germania Horstmar.\u00a0<\/span><\/h5>\n<div class=\"blog_slider clearfix  hide-more flat hide-dots\" data-count=\"8\"><div class=\"blog_slider_header clearfix\"><div class=\"slider_navigation\"><\/div><\/div><ul class=\"blog_slider_ul\"><li class=\"post-3099 post type-post status-publish format-standard has-post-thumbnail hentry category-allgemein\"><div class=\"item_wrapper\"><div class=\"image_frame scale-with-grid\"><div class=\"image_wrapper\"><a href=\"https:\/\/germaniahorstmar.de\/fussball\/20240112-vit-2023\/\" title=\"VIT &#8211; 2024 M\u00fcnstertor-CUP\"><img loading=\"lazy\" decoding=\"async\" width=\"960\" height=\"750\" src=\"https:\/\/germaniahorstmar.de\/fussball\/wp-content\/uploads\/sites\/3\/2024\/07\/2024-Turniersieger-960x750.jpg\" class=\"scale-with-grid wp-post-image\" alt=\"\" srcset=\"https:\/\/germaniahorstmar.de\/fussball\/wp-content\/uploads\/sites\/3\/2024\/07\/2024-Turniersieger-960x750.jpg 960w, https:\/\/germaniahorstmar.de\/fussball\/wp-content\/uploads\/sites\/3\/2024\/07\/2024-Turniersieger-1280x1000.jpg 1280w\" sizes=\"auto, (max-width:767px) 480px, (max-width:960px) 100vw, 960px\" \/><\/a><\/div><\/div><div class=\"date_label\">12. Januar 2024<\/div><div class=\"desc\"><h4><a href=\"https:\/\/germaniahorstmar.de\/fussball\/20240112-vit-2023\/\">VIT &#8211; 2024 M\u00fcnstertor-CUP<\/a><\/h4><hr class=\"hr_color\" \/><a href=\"https:\/\/germaniahorstmar.de\/fussball\/20240112-vit-2023\/\" class=\"button button_left has-icon\"><span class=\"button_icon\"><i class=\"icon-layout\" aria-hidden=\"true\"><\/i><\/span><span class=\"button_label\">Read more<\/span><\/a><\/div><\/div><\/li><li class=\"post-3619 post type-post status-publish format-standard has-post-thumbnail hentry category-allgemein category-jugend\"><div class=\"item_wrapper\"><div class=\"image_frame scale-with-grid\"><div class=\"image_wrapper\"><a href=\"https:\/\/germaniahorstmar.de\/fussball\/20251124-aenderung-des-zusatzbeitrags-fuer-den-jugendfussball\/\" title=\"\u00c4nderung des Zusatzbeitrags f\u00fcr den Jugendfu\u00dfball\"><img loading=\"lazy\" decoding=\"async\" width=\"128\" height=\"128\" src=\"https:\/\/germaniahorstmar.de\/fussball\/wp-content\/uploads\/sites\/3\/2023\/09\/TuS-quadratisch-128p.png\" class=\"scale-with-grid wp-post-image\" alt=\"\" srcset=\"https:\/\/germaniahorstmar.de\/fussball\/wp-content\/uploads\/sites\/3\/2023\/09\/TuS-quadratisch-128p.png 128w, https:\/\/germaniahorstmar.de\/fussball\/wp-content\/uploads\/sites\/3\/2023\/09\/TuS-quadratisch-128p-50x50.png 50w, https:\/\/germaniahorstmar.de\/fussball\/wp-content\/uploads\/sites\/3\/2023\/09\/TuS-quadratisch-128p-75x75.png 75w, https:\/\/germaniahorstmar.de\/fussball\/wp-content\/uploads\/sites\/3\/2023\/09\/TuS-quadratisch-128p-85x85.png 85w, https:\/\/germaniahorstmar.de\/fussball\/wp-content\/uploads\/sites\/3\/2023\/09\/TuS-quadratisch-128p-80x80.png 80w\" sizes=\"auto, (max-width:767px) 128px, 128px\" \/><\/a><\/div><\/div><div class=\"date_label\">24. November 2025<\/div><div class=\"desc\"><h4><a href=\"https:\/\/germaniahorstmar.de\/fussball\/20251124-aenderung-des-zusatzbeitrags-fuer-den-jugendfussball\/\">\u00c4nderung des Zusatzbeitrags f\u00fcr den Jugendfu\u00dfball<\/a><\/h4><hr class=\"hr_color\" \/><a href=\"https:\/\/germaniahorstmar.de\/fussball\/20251124-aenderung-des-zusatzbeitrags-fuer-den-jugendfussball\/\" class=\"button button_left has-icon\"><span class=\"button_icon\"><i class=\"icon-layout\" aria-hidden=\"true\"><\/i><\/span><span class=\"button_label\">Read more<\/span><\/a><\/div><\/div><\/li><li class=\"post-3467 post type-post status-publish format-standard has-post-thumbnail hentry category-allgemein category-jugend\"><div class=\"item_wrapper\"><div class=\"image_frame scale-with-grid\"><div class=\"image_wrapper\"><a href=\"https:\/\/germaniahorstmar.de\/fussball\/20250519-einladung-zur-fachschaftsversammlung-fussball-junioren\/\" title=\"Einladung zur Fachschaftsversammlung &#8211; Jugendfu\u00dfball\"><img loading=\"lazy\" decoding=\"async\" width=\"960\" height=\"750\" src=\"https:\/\/germaniahorstmar.de\/fussball\/wp-content\/uploads\/sites\/3\/2025\/05\/image-960x750.png\" class=\"scale-with-grid wp-post-image\" alt=\"\" srcset=\"https:\/\/germaniahorstmar.de\/fussball\/wp-content\/uploads\/sites\/3\/2025\/05\/image-960x750.png 960w, https:\/\/germaniahorstmar.de\/fussball\/wp-content\/uploads\/sites\/3\/2025\/05\/image-1099x860.png 1099w\" sizes=\"auto, (max-width:767px) 480px, (max-width:960px) 100vw, 960px\" \/><\/a><\/div><\/div><div class=\"date_label\">19. Mai 2025<\/div><div class=\"desc\"><h4><a href=\"https:\/\/germaniahorstmar.de\/fussball\/20250519-einladung-zur-fachschaftsversammlung-fussball-junioren\/\">Einladung zur Fachschaftsversammlung &#8211; Jugendfu\u00dfball<\/a><\/h4><hr class=\"hr_color\" \/><a href=\"https:\/\/germaniahorstmar.de\/fussball\/20250519-einladung-zur-fachschaftsversammlung-fussball-junioren\/\" class=\"button button_left has-icon\"><span class=\"button_icon\"><i class=\"icon-layout\" aria-hidden=\"true\"><\/i><\/span><span class=\"button_label\">Read more<\/span><\/a><\/div><\/div><\/li><li class=\"post-3401 post type-post status-publish format-standard has-post-thumbnail hentry category-jugend\"><div class=\"item_wrapper\"><div class=\"image_frame scale-with-grid\"><div class=\"image_wrapper\"><a href=\"https:\/\/germaniahorstmar.de\/fussball\/20240908-einladung-fachschaftsversammlung-jugendfussball\/\" title=\"Einladung Fachschaftsversammlung &#8211; Jugendfu\u00dfball\"><img loading=\"lazy\" decoding=\"async\" width=\"960\" height=\"750\" src=\"https:\/\/germaniahorstmar.de\/fussball\/wp-content\/uploads\/sites\/3\/2024\/09\/Einladung_Fachschaftsversammlung-960x750.jpg\" class=\"scale-with-grid wp-post-image\" alt=\"\" \/><\/a><\/div><\/div><div class=\"date_label\">8. September 2024<\/div><div class=\"desc\"><h4><a href=\"https:\/\/germaniahorstmar.de\/fussball\/20240908-einladung-fachschaftsversammlung-jugendfussball\/\">Einladung Fachschaftsversammlung &#8211; Jugendfu\u00dfball<\/a><\/h4><hr class=\"hr_color\" \/><a href=\"https:\/\/germaniahorstmar.de\/fussball\/20240908-einladung-fachschaftsversammlung-jugendfussball\/\" class=\"button button_left has-icon\"><span class=\"button_icon\"><i class=\"icon-layout\" aria-hidden=\"true\"><\/i><\/span><span class=\"button_label\">Read more<\/span><\/a><\/div><\/div><\/li><li class=\"post-3171 post type-post status-publish format-standard has-post-thumbnail hentry category-jugend\"><div class=\"item_wrapper\"><div class=\"image_frame scale-with-grid\"><div class=\"image_wrapper\"><a href=\"https:\/\/germaniahorstmar.de\/fussball\/20240521-trainersuche\/\" title=\"Trainersuche\"><img loading=\"lazy\" decoding=\"async\" width=\"440\" height=\"407\" src=\"https:\/\/germaniahorstmar.de\/fussball\/wp-content\/uploads\/sites\/3\/2023\/11\/wappen.jpg\" class=\"scale-with-grid wp-post-image\" alt=\"\" srcset=\"https:\/\/germaniahorstmar.de\/fussball\/wp-content\/uploads\/sites\/3\/2023\/11\/wappen.jpg 440w, https:\/\/germaniahorstmar.de\/fussball\/wp-content\/uploads\/sites\/3\/2023\/11\/wappen-300x278.jpg 300w, https:\/\/germaniahorstmar.de\/fussball\/wp-content\/uploads\/sites\/3\/2023\/11\/wappen-158x146.jpg 158w, https:\/\/germaniahorstmar.de\/fussball\/wp-content\/uploads\/sites\/3\/2023\/11\/wappen-50x46.jpg 50w, https:\/\/germaniahorstmar.de\/fussball\/wp-content\/uploads\/sites\/3\/2023\/11\/wappen-81x75.jpg 81w\" sizes=\"auto, (max-width:767px) 440px, 440px\" \/><\/a><\/div><\/div><div class=\"date_label\">21. Mai 2024<\/div><div class=\"desc\"><h4><a href=\"https:\/\/germaniahorstmar.de\/fussball\/20240521-trainersuche\/\">Trainersuche<\/a><\/h4><hr class=\"hr_color\" \/><a href=\"https:\/\/germaniahorstmar.de\/fussball\/20240521-trainersuche\/\" class=\"button button_left has-icon\"><span class=\"button_icon\"><i class=\"icon-layout\" aria-hidden=\"true\"><\/i><\/span><span class=\"button_label\">Read more<\/span><\/a><\/div><\/div><\/li><li class=\"post-3167 post type-post status-publish format-standard has-post-thumbnail hentry category-jugend\"><div class=\"item_wrapper\"><div class=\"image_frame scale-with-grid\"><div class=\"image_wrapper\"><a href=\"https:\/\/germaniahorstmar.de\/fussball\/20240513-trainer-gesucht\/\" title=\"Trainer gesucht!\"><img loading=\"lazy\" decoding=\"async\" width=\"960\" height=\"750\" src=\"https:\/\/germaniahorstmar.de\/fussball\/wp-content\/uploads\/sites\/3\/2024\/05\/PHOTO-2024-05-07-18-23-19-960x750.jpg\" class=\"scale-with-grid wp-post-image\" alt=\"\" srcset=\"https:\/\/germaniahorstmar.de\/fussball\/wp-content\/uploads\/sites\/3\/2024\/05\/PHOTO-2024-05-07-18-23-19-960x750.jpg 960w, https:\/\/germaniahorstmar.de\/fussball\/wp-content\/uploads\/sites\/3\/2024\/05\/PHOTO-2024-05-07-18-23-19-1280x1000.jpg 1280w\" sizes=\"auto, (max-width:767px) 480px, (max-width:960px) 100vw, 960px\" \/><\/a><\/div><\/div><div class=\"date_label\">13. Mai 2024<\/div><div class=\"desc\"><h4><a href=\"https:\/\/germaniahorstmar.de\/fussball\/20240513-trainer-gesucht\/\">Trainer gesucht!<\/a><\/h4><hr class=\"hr_color\" \/><a href=\"https:\/\/germaniahorstmar.de\/fussball\/20240513-trainer-gesucht\/\" class=\"button button_left has-icon\"><span class=\"button_icon\"><i class=\"icon-layout\" aria-hidden=\"true\"><\/i><\/span><span class=\"button_label\">Read more<\/span><\/a><\/div><\/div><\/li><li class=\"post-3160 post type-post status-publish format-standard has-post-thumbnail hentry category-jugend\"><div class=\"item_wrapper\"><div class=\"image_frame scale-with-grid\"><div class=\"image_wrapper\"><a href=\"https:\/\/germaniahorstmar.de\/fussball\/20240401-sparkassen-fussballcamp-ein-voller-erfolg\/\" title=\"Sparkassen-Fu\u00dfballcamp ein voller Erfolg!\"><img loading=\"lazy\" decoding=\"async\" width=\"960\" height=\"750\" src=\"https:\/\/germaniahorstmar.de\/fussball\/wp-content\/uploads\/sites\/3\/2024\/04\/62a3e647-6460-42ea-bafb-f4dd6a55eede-960x750.jpg\" class=\"scale-with-grid wp-post-image\" alt=\"\" srcset=\"https:\/\/germaniahorstmar.de\/fussball\/wp-content\/uploads\/sites\/3\/2024\/04\/62a3e647-6460-42ea-bafb-f4dd6a55eede-960x750.jpg 960w, https:\/\/germaniahorstmar.de\/fussball\/wp-content\/uploads\/sites\/3\/2024\/04\/62a3e647-6460-42ea-bafb-f4dd6a55eede-1280x1000.jpg 1280w\" sizes=\"auto, (max-width:767px) 480px, (max-width:960px) 100vw, 960px\" \/><\/a><\/div><\/div><div class=\"date_label\">1. April 2024<\/div><div class=\"desc\"><h4><a href=\"https:\/\/germaniahorstmar.de\/fussball\/20240401-sparkassen-fussballcamp-ein-voller-erfolg\/\">Sparkassen-Fu\u00dfballcamp ein voller Erfolg!<\/a><\/h4><hr class=\"hr_color\" \/><a href=\"https:\/\/germaniahorstmar.de\/fussball\/20240401-sparkassen-fussballcamp-ein-voller-erfolg\/\" class=\"button button_left has-icon\"><span class=\"button_icon\"><i class=\"icon-layout\" aria-hidden=\"true\"><\/i><\/span><span class=\"button_label\">Read more<\/span><\/a><\/div><\/div><\/li><li class=\"post-3022 post type-post status-publish format-standard has-post-thumbnail hentry category-jugend\"><div class=\"item_wrapper\"><div class=\"image_frame scale-with-grid\"><div class=\"image_wrapper\"><a href=\"https:\/\/germaniahorstmar.de\/fussball\/20231118-neues-outfit-fuer-mini-kicker-und-f1-junioren\/\" title=\"Neues Outfit f\u00fcr Mini-Kicker und F1-Junioren\"><img loading=\"lazy\" decoding=\"async\" width=\"960\" height=\"750\" src=\"https:\/\/germaniahorstmar.de\/fussball\/wp-content\/uploads\/sites\/3\/2023\/11\/PHOTO-2023-11-07-10-23-29-960x750.jpg\" class=\"scale-with-grid wp-post-image\" alt=\"\" \/><\/a><\/div><\/div><div class=\"date_label\">18. November 2023<\/div><div class=\"desc\"><h4><a href=\"https:\/\/germaniahorstmar.de\/fussball\/20231118-neues-outfit-fuer-mini-kicker-und-f1-junioren\/\">Neues Outfit f\u00fcr Mini-Kicker und F1-Junioren<\/a><\/h4><hr class=\"hr_color\" \/><a href=\"https:\/\/germaniahorstmar.de\/fussball\/20231118-neues-outfit-fuer-mini-kicker-und-f1-junioren\/\" class=\"button button_left has-icon\"><span class=\"button_icon\"><i class=\"icon-layout\" aria-hidden=\"true\"><\/i><\/span><span class=\"button_label\">Read more<\/span><\/a><\/div><\/div><\/li><\/ul><div class=\"slider_pager slider_pagination\"><\/div><\/div>\n\n","protected":false},"excerpt":{"rendered":"<p>TuS Germania Horstmar \u2013 Fu\u00dfball Willkommen auf der offiziellen Homepage der Fu\u00dfballer des TuS Germania Horstmar.\u00a0<\/p>\n","protected":false},"author":1,"featured_media":0,"parent":0,"menu_order":0,"comment_status":"closed","ping_status":"closed","template":"","meta":{"footnotes":""},"class_list":["post-154","page","type-page","status-publish","hentry"],"_links":{"self":[{"href":"https:\/\/germaniahorstmar.de\/fussball\/wp-json\/wp\/v2\/pages\/154","targetHints":{"allow":["GET"]}}],"collection":[{"href":"https:\/\/germaniahorstmar.de\/fussball\/wp-json\/wp\/v2\/pages"}],"about":[{"href":"https:\/\/germaniahorstmar.de\/fussball\/wp-json\/wp\/v2\/types\/page"}],"author":[{"embeddable":true,"href":"https:\/\/germaniahorstmar.de\/fussball\/wp-json\/wp\/v2\/users\/1"}],"replies":[{"embeddable":true,"href":"https:\/\/germaniahorstmar.de\/fussball\/wp-json\/wp\/v2\/comments?post=154"}],"version-history":[{"count":10,"href":"https:\/\/germaniahorstmar.de\/fussball\/wp-json\/wp\/v2\/pages\/154\/revisions"}],"predecessor-version":[{"id":3207,"href":"https:\/\/germaniahorstmar.de\/fussball\/wp-json\/wp\/v2\/pages\/154\/revisions\/3207"}],"wp:attachment":[{"href":"https:\/\/germaniahorstmar.de\/fussball\/wp-json\/wp\/v2\/media?parent=154"}],"curies":[{"name":"wp","href":"https:\/\/api.w.org\/{rel}","templated":true}]}}