{"id":3302,"date":"2024-08-19T10:31:05","date_gmt":"2024-08-19T08:31:05","guid":{"rendered":"https:\/\/germaniahorstmar.de\/fussball\/?page_id=3302"},"modified":"2024-08-19T16:35:09","modified_gmt":"2024-08-19T14:35:09","slug":"verein-zur-foerderung-des-sports-im-tus-germania-1910-e-v-horstmar","status":"publish","type":"page","link":"https:\/\/germaniahorstmar.de\/fussball\/senioren\/verein-zur-foerderung-des-sports-im-tus-germania-1910-e-v-horstmar\/","title":{"rendered":"Verein zur F\u00f6rderung des Sports im TuS Germania 1910 e.V. Horstmar"},"content":{"rendered":"\n<h2>&nbsp;<\/h2>\n\n\n<h2>\u00a0<\/h2>\n<h2><strong>Verein zur F\u00f6rderung des Sports<\/strong><\/h2>\n<h3>\u00a0<\/h3>\n<h3><span style=\"color: #0000ff\"><strong>Du willst den TGH unterst\u00fctzen?<\/strong><\/span><\/h3>\n<h5>Je mehr, desto besser: Wir freuen uns sehr, dass wir bereits so viele tolle Sponsoren f\u00fcr unseren Verein und unsere Mitglieder gewinnen konnten. Nat\u00fcrlich sind wir auch weiterhin f\u00fcr jeden offen, der uns ebenfalls unterst\u00fctzen m\u00f6chte.<\/h5>\n<h5>Ganz nach dem Motto \u201cSehen und gesehen werden\u201d bieten wir unseren Premium-Sponsoren die M\u00f6glichkeit, ihre Marke auf Banden, W\u00e4nden, Trikots und nat\u00fcrlich auch auf unserer Webseite zu pr\u00e4sentieren.<\/h5>\n<h3>\u00a0<\/h3>\n<h3><span style=\"color: #0000ff\"><strong>Projekte, die deine Unterst\u00fctzung brauchen<\/strong><\/span><\/h3>\n<h5>Als Sportverein ist es nat\u00fcrlich unser gr\u00f6\u00dftes Ziel, den Sport in der Region zu halten und zu f\u00f6rdern. Da wir dies, trotz unserer gro\u00dfen Anzahl an Mitgliedern, nicht immer alleine schaffen, sind wir stetig auf der Suche nach Partnern, die bereit sind, sich an unseren Projekten zu beteiligen.\u00a0<\/h5>\n<h3>\u00a0<\/h3>\n<h3><span style=\"color: #0000ff\"><strong>Den TuS Germania 1910 e. V. Horstmar mitgestalten \u2013 jetzt Sponsor werden<\/strong><\/span><\/h3>\n<h5>Wir schn\u00fcren f\u00fcr unsere Sponsoren individuelle Pakete oder informieren gerne in einem direkten Gespr\u00e4ch \u00fcber die M\u00f6glichkeiten der Unterst\u00fctzung. Unsere Ansprechperson f\u00fcr Sponsoring ist bei Interesse gerne erreichbar unter:<\/h5>\n<p><a href=\"https:\/\/www.foerderverein-tus-germania-horstmar.de\/\">https:\/\/www.foerderverein-tus-germania-horstmar.de\/<\/a><\/p>\n\n\n<div class=\"get_in_touch\" ><h3 class=\"title \">Ludger Lengers (1. Vorsitzender F\u00f6rderverein TGH)<\/h3><div class=\"get_in_touch_wrapper\"><ul><li class=\"phone phone-1\"><span class=\"icon\"><i class=\"icon-phone\"><\/i><\/span><p><a href=\"tel:025581095\">02558 1095<\/a><\/p><\/li><li class=\"mail\"><span class=\"icon\"><i class=\"icon-mail\"><\/i><\/span><p><a href=\"mailto:ludger.lengers@fvtgh.de\">ludger.lengers@fvtgh.de<\/a><\/p><\/li><\/ul><\/div><\/div>\n\n","protected":false},"excerpt":{"rendered":"<p>&nbsp; \u00a0 Verein zur F\u00f6rderung des Sports \u00a0 Du willst den TGH unterst\u00fctzen? Je mehr, desto besser: Wir freuen uns sehr, dass wir bereits so viele<span class=\"excerpt-hellip\"> [\u2026]<\/span><\/p>\n","protected":false},"author":23,"featured_media":0,"parent":59,"menu_order":0,"comment_status":"closed","ping_status":"closed","template":"","meta":{"footnotes":""},"class_list":["post-3302","page","type-page","status-publish","hentry"],"_links":{"self":[{"href":"https:\/\/germaniahorstmar.de\/fussball\/wp-json\/wp\/v2\/pages\/3302","targetHints":{"allow":["GET"]}}],"collection":[{"href":"https:\/\/germaniahorstmar.de\/fussball\/wp-json\/wp\/v2\/pages"}],"about":[{"href":"https:\/\/germaniahorstmar.de\/fussball\/wp-json\/wp\/v2\/types\/page"}],"author":[{"embeddable":true,"href":"https:\/\/germaniahorstmar.de\/fussball\/wp-json\/wp\/v2\/users\/23"}],"replies":[{"embeddable":true,"href":"https:\/\/germaniahorstmar.de\/fussball\/wp-json\/wp\/v2\/comments?post=3302"}],"version-history":[{"count":6,"href":"https:\/\/germaniahorstmar.de\/fussball\/wp-json\/wp\/v2\/pages\/3302\/revisions"}],"predecessor-version":[{"id":3366,"href":"https:\/\/germaniahorstmar.de\/fussball\/wp-json\/wp\/v2\/pages\/3302\/revisions\/3366"}],"up":[{"embeddable":true,"href":"https:\/\/germaniahorstmar.de\/fussball\/wp-json\/wp\/v2\/pages\/59"}],"wp:attachment":[{"href":"https:\/\/germaniahorstmar.de\/fussball\/wp-json\/wp\/v2\/media?parent=3302"}],"curies":[{"name":"wp","href":"https:\/\/api.w.org\/{rel}","templated":true}]}}