{"id":28,"date":"2017-08-30T18:29:57","date_gmt":"2017-08-30T16:29:57","guid":{"rendered":"http:\/\/germaniahorstmar.de\/gymnastik\/?page_id=28"},"modified":"2025-02-03T10:42:39","modified_gmt":"2025-02-03T09:42:39","slug":"sportgruppen","status":"publish","type":"page","link":"https:\/\/germaniahorstmar.de\/gymnastik\/sportgruppen\/","title":{"rendered":"Sportgruppen"},"content":{"rendered":"<h1>Sportgruppen<\/h1>\n<p style=\"text-align: left\">Hier finden Sie eine \u00dcbersicht aller Gruppen und Kurse, die von der Fachschaft Gymnastik des TuS Germania Horstmar 1910 e.V. angeboten werden. F\u00fcr weitere Informationen einfach auf den Kursnamen klicken.<\/p>\n\n\n<div class=\"wp-block-group\"><div class=\"wp-block-group__inner-container is-layout-constrained wp-block-group-is-layout-constrained\">\n<details class=\"wp-block-details is-layout-flow wp-block-details-is-layout-flow\"><summary>Eltern \u2013 Kind Sport<\/summary>\n<p><strong>Inhalt:<\/strong><\/p>\n\n\n\n<p>Wir sind: Kinder im Alter von 2-5 Jahren mit unseren M\u00fcttern, V\u00e4tern oder Gro\u00dfeltern.<br>Wir wollen: spielerisch Spa\u00df am Sport vermitteln, \u00c4ngste vor gro\u00dfen Ger\u00e4ten abbauen.<br>Wir klettern, balancieren, laufen, kriechen, springen, singen und spielen.<\/p>\n\n\n\n<p><strong>Termin:<\/strong><\/p>\n\n\n\n<ol class=\"wp-block-list\">\n<li>Gruppe Mittwoch: 14.30 \u2013 15.30 Uhr<\/li>\n\n\n\n<li>Gruppe Mittwoch: 15.30 \u2013 16.30 Uhr<\/li>\n<\/ol>\n\n\n\n<p><strong>Ort:<\/strong><\/p>\n\n\n\n<p>Sporthalle&nbsp;der Astrid Lindgren Schule an der Graf Bernhardstra\u00dfe in Horstmar<\/p>\n\n\n\n<p><strong>Leitung:<\/strong><\/p>\n\n\n\n<p>Kerstin Borgmann: 02558-7657<\/p>\n<\/details>\n<\/div><\/div>\n\n\n\n<div class=\"wp-block-group\"><div class=\"wp-block-group__inner-container is-layout-constrained wp-block-group-is-layout-constrained\">\n<div class=\"wp-block-group\"><div class=\"wp-block-group__inner-container is-layout-constrained wp-block-group-is-layout-constrained\">\n<details class=\"wp-block-details is-layout-flow wp-block-details-is-layout-flow\"><summary>Erwachsene &#8222;Sport pro Gesundheit&#8220;<\/summary>\n<p><strong>Inhalt:<\/strong><\/p>\n\n\n\n<p><strong>Der Gesundheit zuliebe!<\/strong>&nbsp;Gesundheitsf\u00f6rdernde funktionelle Gymnastik. Ein pr\u00e4ventives Angebot f\u00fcr das Haltungs- und Bewegungssystem. Dieses Angeot ist ein durch den Deutschen Sportbund mit dem Siegel&nbsp;<strong>&#8222;Sport pro Gesundheit&#8220;<\/strong>&nbsp;zertifiziertes Gesundheitsangebot und wird empfohlen von der Bundes\u00e4rztekammer, dem Deutschen Sportbund, dem deutschen Turnerbund und ist geeignet f\u00fcr:<strong>&nbsp;Erwachsene, Neu- und Wiedereinsteiger<\/strong>.<\/p>\n\n\n\n<p><strong>Ziel des Angebots:<\/strong><\/p>\n\n\n\n<ul class=\"wp-block-list\">\n<li>gezielte Verbesserung der gesundheitlichen Situation durch den Abbau von Bewegungsmangel<\/li>\n\n\n\n<li>Erlernen und Festigen von gesundheitsorientierten Bewegungsmustern im Alltag<\/li>\n\n\n\n<li>Ausgleich von muskul\u00e4ren Dysbalancen<\/li>\n\n\n\n<li>Vorbeugung bzw. Reduzierung bereits vorhandener R\u00fcckenbeschwerden<\/li>\n\n\n\n<li>F\u00f6rderung und Verbesserung der K\u00f6rperwahrnemung<\/li>\n\n\n\n<li>St\u00e4rkung k\u00f6rperlicher Gesundheitsresourcen, wie Kraft, Beweglichkeit, Dehn-, Koordinations- und Entspannungsf\u00e4higkeit.<\/li>\n\n\n\n<li>Spa\u00df an der Bewegung haben und Erfolge erleben.<\/li>\n<\/ul>\n\n\n\n<p><strong>Wir freuen uns auf Sie!<\/strong><\/p>\n\n\n\n<p><strong>Hinweis! Derzeit trainieren die beiden Donnerstagsgruppen &#8222;Sport pro Gesundheit&#8220; und &#8222;Fitness und Gesundheit&#8220; gemeinsam in der Zeit von 18:45 bis 20:00 Uhr.<\/strong><\/p>\n\n\n\n<p><strong>Termin:<\/strong><\/p>\n\n\n\n<p>Donnerstags von 18.45 &#8211; 20.00 Uhr<\/p>\n\n\n\n<p><strong>Ort:<\/strong><\/p>\n\n\n\n<p>Sporthalle&nbsp;der Astrid Lindgren Schule an der Graf Bernhardstra\u00dfe in Horstmar<\/p>\n\n\n\n<p><strong>Leitung:<\/strong><\/p>\n\n\n\n<p>Uschi Uphaus: 02558-7713<\/p>\n\n\n\n<p>Sonja Reinermann: 02558-902607<\/p>\n<\/details>\n<\/div><\/div>\n<\/div><\/div>\n\n\n\n<details class=\"wp-block-details is-layout-flow wp-block-details-is-layout-flow\"><summary>Fit in die Woche<\/summary>\n<p><strong>Inhalt:<\/strong><\/p>\n\n\n\n<p>Was sonst auch \u201eBodyforming\u201c, \u201eFatburner\u201c oder \u201eBOP\u201c hei\u00dft, l\u00e4uft bei uns so: es wird gestrecht, gejoggt, gekr\u00e4ftigt, gelacht, geschwitzt, gespielt, und entspannt. Flotte Musik, neue Kontakte, nette Leute und gute Laune sorgen daf\u00fcr, dass nebenbei auch noch etwas passiert f\u00fcr: Fitness, Gesundheit, Entspannung, Kraft, Ausdauer und Beweglichkeit werden unter Ber\u00fccksichtigung gesundheitlicher Aspekte gef\u00f6rdert. Phasen der Entspannung und K\u00f6rpererfahrung werden einen Ausgleich zu k\u00f6rperlichen Belastungen schaffen.<\/p>\n\n\n\n<p><strong>Termin:<\/strong><\/p>\n\n\n\n<p>Montag: 20.00 bis 21.00 Uhr<\/p>\n\n\n\n<p><strong>Ort:<\/strong><\/p>\n\n\n\n<p>Sporthalle&nbsp;der Astrid Lindgren Schule an der Graf Bernhardstra\u00dfe in Horstmar<\/p>\n\n\n\n<p><strong>Leitung:<\/strong><\/p>\n\n\n\n<p>Melanie Wigger: 0175-4821169<\/p>\n\n\n\n<p>Vertretung: Ulla Berkenbrock<\/p>\n<\/details>\n\n\n\n<details class=\"wp-block-details is-layout-flow wp-block-details-is-layout-flow\"><summary>Fitness &amp; Sportspiele f\u00fcr Jugendliche ab 15 Jahren<\/summary>\n<p><strong>Inhalt:<\/strong><\/p>\n\n\n\n<p>Ihr wollt ungezwungen Sport treiben und einfach Spa\u00df haben? Dann seid ihr bei uns genau richtig. Wir bieten euch ein abwechslungsreiches Sportprogramm. Es werden alle m\u00f6glichen Arten von Ballsport, wie Volleyball, Fu\u00dfball oder Baseball und Abwandlungen von den \u00fcblichen Ballsportarten gespielt. Neben den Sportspielen wird auch Fitness- und Krafttraining angeboten, au\u00dferdem planen wir in naher Zukunft Ausfl\u00fcge z.B. in den Kletterwald oder in die Schwimmhalle. Im Sommer gehen wir gern zum Konditionstraining nach drau\u00dfen. Jeder kann an der Gestaltung der Sportstunden mitwirken. Kommt einfach mal vorbei und macht mit! Wir freuen uns auf euch.<\/p>\n\n\n\n<p><strong>Termin:<\/strong><\/p>\n\n\n\n<p>zur Zeit kein Angebot \u2013 bei Interesse bitte bei Melanie Wigger oder Melanie M\u00f6llers melden.<\/p>\n<\/details>\n\n\n\n<details class=\"wp-block-details is-layout-flow wp-block-details-is-layout-flow\"><summary>Frauensport \u201eGesundheit und Fitness<\/summary>\n<p><strong>Inhalt:<\/strong><\/p>\n\n\n\n<p>Bewegung soll als wohltuendes und spa\u00dfbetontes Element empfunden werden. Muskelkraft und Beweglichkeit sollen verbessert werden und eine Steigerung des physischen und psychischen Wohlbefindens wird angestrebt. Die Sportstunde wird in einer lockeren Atmosph\u00e4re zu flotter Musik abwechslungsreich gestaltet. Alle \u00dcbungen werden r\u00fcckenfreundlich durchgef\u00fchrt. Muskelkraft, Beweglichkeit und Koordination werden aufgebaut, bzw. verbessert \u2013 und die Belastbarkeit des Herz- Kreislaufsystems wird gesteigert.<\/p>\n\n\n\n<p><strong>Die Sportstunde beinhaltet:<\/strong><\/p>\n\n\n\n<ul class=\"wp-block-list\">\n<li>Herz- Kreislauftraining<\/li>\n\n\n\n<li>Muskelkr\u00e4ftigungs- und Dehn\u00fcbungen f\u00fcr die gesamte Muskulatur<\/li>\n\n\n\n<li>Beckenbodentraining<\/li>\n\n\n\n<li>K\u00f6rperwahrnehmung<\/li>\n\n\n\n<li>kleine Spiele und Entspannungs\u00fcbungen runden das Programm ab<\/li>\n<\/ul>\n\n\n\n<p>Sind Sie interessiert? Neue Mitglieder sind bei uns immer herzlich willkommen. Ein Einstieg ist jederzeit m\u00f6glich.<\/p>\n\n\n\n<p><strong>Hinweis! Derzeit trainieren die beiden Donnerstagsgruppen \u201eSport pro Gesundheit\u201c und \u201eFitness und Gesundheit\u201c gemeinsam in der Zeit von 18:45 bis 20:00 Uhr.<\/strong><\/p>\n\n\n\n<p><strong>Termin:<\/strong><\/p>\n\n\n\n<p>Donnerstag: 18.45 \u2013 20.00 Uhr<\/p>\n\n\n\n<p><strong>Ort:<\/strong><\/p>\n\n\n\n<p>Sporthalle&nbsp;der Astrid Lindgren Schule an der Graf Bernhardstra\u00dfe in Horstmar<\/p>\n\n\n\n<p><strong>Leitung:<\/strong><\/p>\n\n\n\n<p>Sonja Reinermann: 02558-902607<\/p>\n\n\n\n<p>Uschi Uphaus: 02558-7713<\/p>\n<\/details>\n\n\n\n<details class=\"wp-block-details is-layout-flow wp-block-details-is-layout-flow\"><summary>Jungensport f\u00fcr Schulkinder 1. bis 4. Schuljahr<\/summary>\n<p><strong>Inhalt:<\/strong><\/p>\n\n\n\n<p>Dieses Bewegungsangebot f\u00fcr Jungen strebt einen steten Wechsel zwischen Anspannung und Entspan\u00adnung, Aktivit\u00e4t und Ruhe an. Diese Erfahrung gibt den Jungen Sicherheit und Selbstvertrauen und nebenbei lernen sie das \u201eMiteinander\u201c und \u201eF\u00fcreinander\u201c kennen. Durch Klein- und Gro\u00dfaufbauten werden spielerisch die Grundfertigkeiten geschult. Ball-, Fang-, Lauf- und andere Spiele erg\u00e4nzen das Programm, das nach den W\u00fcnschen der Jungen mit gestaltet werden kann. Der Phantasie sind dabei fast keine Grenzen gesetzt. <\/p>\n\n\n\n<p>Alle Jungs, die in der 1. bis 4. Klasse sind, k\u00f6nnen hier mitmachen; spielen, klettern, turnen. Alles ist m\u00f6glich.<\/p>\n\n\n\n<p>Anmeldungen bitte telefonisch oder direkt zu Beginn der Stunde in der Turnhalle bei der Kerstin.<\/p>\n\n\n\n<p><strong>Termin:<\/strong><\/p>\n\n\n\n<p>Dienstag: 16.45 \u2013 17.45 Uhr (Jungen im 1. und 4. Schuljahr)<\/p>\n\n\n\n<p><strong>Ort:<\/strong><\/p>\n\n\n\n<p>Sporthalle&nbsp;der Astrid Lindgren Schule an der Graf Bernhardstra\u00dfe in Horstmar<\/p>\n\n\n\n<p><strong>Leitung:<\/strong><\/p>\n\n\n\n<p>Kerstin Borgmann, Tel.: 02558-7657<\/p>\n<\/details>\n\n\n\n<details class=\"wp-block-details is-layout-flow wp-block-details-is-layout-flow\"><summary>M\u00e4dchensportgruppe 1. bis 4. Schuljahr<\/summary>\n<p><strong>Inhalt:<\/strong><\/p>\n\n\n\n<p>Spa\u00df an Bewegung steht in unserer M\u00e4dchensportgruppe im Vordergrund. Verschiedene Gruppenspiele f\u00f6rdern das Miteinander. Wir bieten abwechslungsreiche Bewegungslandschaften mit Klein- und Gro\u00dfger\u00e4ten, um die motorischen F\u00e4higkeiten der M\u00e4dchen zu entwickeln. Ideen und W\u00fcnsche k\u00f6nnen die M\u00e4dchen gerne einbringen.<br>Die Gruppengr\u00f6\u00dfe ist auf 25 Teilnehmer begrenzt. Regelm\u00e4\u00dfig sind ca 20 M\u00e4dchen aktiv. Neuanmeldungen sind erst im n\u00e4chsten Schuljahr m\u00f6glich. Bitte telefonisch anmelden.<\/p>\n\n\n\n<p><strong>Termin:<\/strong><\/p>\n\n\n\n<ol class=\"wp-block-list\">\n<li>Gruppe Dienstag: 15.15 \u2013 16.00 Uhr (au\u00dfer in den Schulferien)<\/li>\n\n\n\n<li>Gruppe Dienstag: 16.00 \u2013 16.45 Uhr\u2002(au\u00dfer in den Schulferien)<\/li>\n<\/ol>\n\n\n\n<p><strong>Ort:<\/strong><\/p>\n\n\n\n<p>Sporthalle&nbsp;der Astrid Lindgren Schule an der Graf Bernhardstra\u00dfe in Horstmar<\/p>\n\n\n\n<p><strong>Leitung:<\/strong><\/p>\n\n\n\n<p>Simone Hoffmann Tel. 02558-1299<\/p>\n\n\n\n<p>+ jugendliche Helfer<\/p>\n<\/details>\n\n\n\n<details class=\"wp-block-details is-layout-flow wp-block-details-is-layout-flow\"><summary>M\u00e4dels-Sport (ab 5. Schuljahr)<\/summary>\n<p>Hallo M\u00e4dels,<\/p>\n\n\n\n<p>leider kann dieses Angebot momentan nicht stattfinden, da uns momentan keine \u00dcbungsleiterin zur Verf\u00fcgung steht.<br>Wir suchen fieberhaft nach einer L\u00f6sung um Euch ein passendes Angebot machen zu k\u00f6nnen.<br>Bitte hier immer mal wieder reinschauen.<\/p>\n\n\n\n<p><strong>Termin:<\/strong><\/p>\n\n\n\n<p>Donnerstag: 17.30 \u2013 18.45 Uhr<\/p>\n\n\n\n<p><strong>Ort:<\/strong><\/p>\n\n\n\n<p>Sporthalle&nbsp;der Astrid Lindgren Schule an der Graf Bernhardstra\u00dfe in Horstmar<\/p>\n\n\n\n<p><strong>Leitung:<\/strong><\/p>\n<\/details>\n\n\n\n<details class=\"wp-block-details is-layout-flow wp-block-details-is-layout-flow\"><summary>Spiel und Sport f\u00fcr Krabbelkinder<\/summary>\n<p><strong>Inhalt:<\/strong><\/p>\n\n\n\n<p>Die \u201eKrabbelgruppe\u201c ist eine lustige Gemeinschaft von Eltern und Kleinkindern. Hier k\u00f6nnen sich die Kleinen mit dem reichhaltigen Angebot von gro\u00dfen und kleinen Spiel \u2013 und Sportger\u00e4ten durch klettern, rutschen, krabbeln, balancieren und springen nach Lust und Laune so richtig austoben. Fr\u00f6hliche Sing- und Fingerspiele geh\u00f6ren ebenso dazu, wie das Spielen mit B\u00e4llen, Reifen, T\u00fcchern, Rollbrettern und vieles mehr. Anmeldungen in der Sportstunde.<\/p>\n\n\n\n<p><strong>Termin:<\/strong><\/p>\n\n\n\n<p>Montag: jede Woche von 16.15 \u2013 17.15 Uhr mit Denise Puschmann<br>Donnerstag: 16.00 \u2013 17.00 Uhr mit Bianca Hemsing und Nathalie Bruns<\/p>\n\n\n\n<p><strong>Ort:<\/strong><\/p>\n\n\n\n<p>Sporthalle&nbsp;der Astrid Lindgren Schule an der Graf Bernhardstra\u00dfe in Horstmar<\/p>\n\n\n\n<p><strong>Leitung:<\/strong><\/p>\n\n\n\n<p>Montag: Denise Puschmann, Tel. 01515 9874386<\/p>\n\n\n\n<p>Donnerstag: Bianca Hemsing, Tel. 01573 2592018\u2003\u2002; Nathalie Bruns, Tel. 01517 4455531<\/p>\n<\/details>\n\n\n\n<details class=\"wp-block-details is-layout-flow wp-block-details-is-layout-flow\"><summary>Sport der \u00c4lteren<\/summary>\n<p><strong>Inhalt:<\/strong><\/p>\n\n\n\n<p>Ein pr\u00e4ventives Sportangebot f\u00fcr Frauen ab ca. 60 Jahren. Dieses Angebot soll dazu beitragen, die Muskelkraft und die Beweglichkeit m\u00f6glichst lange zu erhalten bzw. zu verbessern. In einer lockeren und freundlichen Atmosph\u00e4re werden unter Ber\u00fccksichtigung gesundheitlicher Aspekte alle \u00dcbungen r\u00fcckenfreundlich ausgef\u00fchrt. Bei flotter Musik erw\u00e4rmen wir unsere Muskeln. Die anschlie\u00dfenden \u00dcbungen werden \u00fcberwiegend sitzend auf Gymnastikb\u00e4llen oder Gymnastikhockern durchgef\u00fchrt. Durch den Einsatz von Therab\u00e4ndern, Hanteln, St\u00e4ben, B\u00e4llen, Ballons, Flexibar u.v.a., werden die Sportstunden abwechslungsreich gestaltet.<\/p>\n\n\n\n<p><strong>Schwerpunkte:<\/strong><\/p>\n\n\n\n<ul class=\"wp-block-list\">\n<li>Muskelkr\u00e4ftigung,<\/li>\n\n\n\n<li>sanfte Dehn\u00fcbungen,<\/li>\n\n\n\n<li>leichtes Herz- Kreislauftraining,<\/li>\n\n\n\n<li>K\u00f6rperwahrnehmung,<\/li>\n\n\n\n<li>Gleichgewichtsschulung,<\/li>\n\n\n\n<li>Sensomotorik,<\/li>\n\n\n\n<li>kleine Spiele und Entspannungs\u00fcbungen<\/li>\n<\/ul>\n\n\n\n<p>Neue Mitglieder sind bei uns stets willkommen und werden herzlich aufgenommen.<br>Wenn Sie gesundheitliche Einschr\u00e4nkungen haben, sollten Sie bitte vorher Ihren Arzt fragen.<\/p>\n\n\n\n<p><strong>Termin:<\/strong><\/p>\n\n\n\n<p>Dienstag: 14.00 \u2013 15.00 Uhr<\/p>\n\n\n\n<p><strong>Ort:<\/strong><\/p>\n\n\n\n<p>Sporthalle der Astrid Lindgren Schule an der Graf Bernhardstra\u00dfe in Horstmar<\/p>\n\n\n\n<p><strong>Leitung:<br><\/strong>Dienstag: Doris Vo\u00df, Tel.: 02558-346421<\/p>\n<\/details>\n\n\n\n<details class=\"wp-block-details is-layout-flow wp-block-details-is-layout-flow\"><summary>Sport f\u00fcr Kinder im Vorschulalter<\/summary>\n<p><strong>Inhalt:<\/strong><\/p>\n\n\n\n<p>Dieses Sportangebot richtet sich an Kinder im Vorschulalter, die erstmals ohne Eltern die Sporthalle entdecken wollen. Hier wird ihnen Raum f\u00fcr den nat\u00fcrlichen Bewegungsdrang gegeben. Beim Rennen, Spielen und Turnen erproben die Kinder die vielf\u00e4ltigen M\u00f6glichkeiten an gro\u00dfen und kleinen Ger\u00e4ten. Dabei sind der Phantasie keine Grenzen gesetzt. Die Erfahrungen geben den Kindern Sicherheit und Selbstvertrauen.<\/p>\n\n\n\n<p><strong>Termin:<\/strong><\/p>\n\n\n\n<ol class=\"wp-block-list\">\n<li>Gruppe: Freitag: 15.15 \u2013 16.15 Uhr (Kinder: 5 \u2013 7 Jahre) mit Nele und Emily<\/li>\n\n\n\n<li>Gruppe: Freitag: 16.30 \u2013 17.30 Uhr (Kinder: 5 \u2013 7 Jahre) mit Nele und Emily<\/li>\n<\/ol>\n\n\n\n<p><strong>Ort:<\/strong><\/p>\n\n\n\n<p>Sporthalle&nbsp;der Astrid Lindgren Schule an der Graf Bernhardstra\u00dfe in Horstmar<\/p>\n\n\n\n<p><strong>Leitung:<\/strong><\/p>\n\n\n\n<p>Ansprechpartner 1. Gruppe ist Nele\u00a0\u2002 01512 8940757<\/p>\n\n\n\n<p>Ansprechpartner 2. Gruppe ist Emily\u20030176 47124231<\/p>\n\n\n\n<p>Unterst\u00fctzung durch Gruppenhelferin Amila<\/p>\n<\/details>\n\n\n\n<div style=\"height:49px\" aria-hidden=\"true\" class=\"wp-block-spacer\"><\/div>\n\n\n\n<p><\/p>\n","protected":false},"excerpt":{"rendered":"<p>Sportgruppen Hier finden Sie eine \u00dcbersicht aller Gruppen und Kurse, die von der Fachschaft Gymnastik des TuS Germania Horstmar 1910 e.V. angeboten werden. F\u00fcr weitere Informationen einfach auf den Kursnamen klicken.<\/p>\n","protected":false},"author":1,"featured_media":0,"parent":0,"menu_order":0,"comment_status":"closed","ping_status":"closed","template":"","meta":{"footnotes":""},"class_list":["post-28","page","type-page","status-publish","hentry"],"_links":{"self":[{"href":"https:\/\/germaniahorstmar.de\/gymnastik\/wp-json\/wp\/v2\/pages\/28","targetHints":{"allow":["GET"]}}],"collection":[{"href":"https:\/\/germaniahorstmar.de\/gymnastik\/wp-json\/wp\/v2\/pages"}],"about":[{"href":"https:\/\/germaniahorstmar.de\/gymnastik\/wp-json\/wp\/v2\/types\/page"}],"author":[{"embeddable":true,"href":"https:\/\/germaniahorstmar.de\/gymnastik\/wp-json\/wp\/v2\/users\/1"}],"replies":[{"embeddable":true,"href":"https:\/\/germaniahorstmar.de\/gymnastik\/wp-json\/wp\/v2\/comments?post=28"}],"version-history":[{"count":9,"href":"https:\/\/germaniahorstmar.de\/gymnastik\/wp-json\/wp\/v2\/pages\/28\/revisions"}],"predecessor-version":[{"id":812,"href":"https:\/\/germaniahorstmar.de\/gymnastik\/wp-json\/wp\/v2\/pages\/28\/revisions\/812"}],"wp:attachment":[{"href":"https:\/\/germaniahorstmar.de\/gymnastik\/wp-json\/wp\/v2\/media?parent=28"}],"curies":[{"name":"wp","href":"https:\/\/api.w.org\/{rel}","templated":true}]}}