{"id":7,"date":"2017-08-30T18:13:51","date_gmt":"2017-08-30T16:13:51","guid":{"rendered":"http:\/\/germaniahorstmar.de\/gymnastik\/?page_id=7"},"modified":"2026-01-12T09:36:18","modified_gmt":"2026-01-12T08:36:18","slug":"startseite","status":"publish","type":"page","link":"https:\/\/germaniahorstmar.de\/gymnastik\/","title":{"rendered":"Startseite"},"content":{"rendered":"\n<div class=\"wp-block-group\"><div class=\"wp-block-group__inner-container is-layout-constrained wp-block-group-is-layout-constrained\">\n<h2 class=\"wp-block-heading\"><span style=\"font-size: 18pt;font-family: helvetica, arial, sans-serif\">Willkommen bei der Gymnastik-Abteilung des TuS Germania Horstmar.<\/span><\/h2>\n\n\n\n<p class=\"has-text-align-left\">Wir bieten ein breites Programm im Bereich der Gymnastik und des Gesundheitsports an.&nbsp;F\u00fcr alle Altersgruppen ist etwas dabei.<\/p>\n\n\n\n<div class=\"wp-block-cover\"><img loading=\"lazy\" decoding=\"async\" width=\"1024\" height=\"746\" class=\"wp-block-cover__image-background wp-image-678\" alt=\"\" src=\"https:\/\/germaniahorstmar.de\/gymnastik\/wp-content\/uploads\/sites\/6\/2023\/12\/medicine-ball-1575315_1280-1024x746.jpg\" style=\"object-position:26% 19%\" data-object-fit=\"cover\" data-object-position=\"26% 19%\" srcset=\"https:\/\/germaniahorstmar.de\/gymnastik\/wp-content\/uploads\/sites\/6\/2023\/12\/medicine-ball-1575315_1280-1024x746.jpg 1024w, https:\/\/germaniahorstmar.de\/gymnastik\/wp-content\/uploads\/sites\/6\/2023\/12\/medicine-ball-1575315_1280-300x219.jpg 300w, https:\/\/germaniahorstmar.de\/gymnastik\/wp-content\/uploads\/sites\/6\/2023\/12\/medicine-ball-1575315_1280-768x560.jpg 768w, https:\/\/germaniahorstmar.de\/gymnastik\/wp-content\/uploads\/sites\/6\/2023\/12\/medicine-ball-1575315_1280-200x146.jpg 200w, https:\/\/germaniahorstmar.de\/gymnastik\/wp-content\/uploads\/sites\/6\/2023\/12\/medicine-ball-1575315_1280-50x36.jpg 50w, https:\/\/germaniahorstmar.de\/gymnastik\/wp-content\/uploads\/sites\/6\/2023\/12\/medicine-ball-1575315_1280-103x75.jpg 103w, https:\/\/germaniahorstmar.de\/gymnastik\/wp-content\/uploads\/sites\/6\/2023\/12\/medicine-ball-1575315_1280.jpg 1280w\" sizes=\"auto, (max-width:767px) 480px, (max-width:1024px) 100vw, 1024px\" \/><span aria-hidden=\"true\" class=\"wp-block-cover__background has-background-dim\"><\/span><div class=\"wp-block-cover__inner-container is-layout-flow wp-block-cover-is-layout-flow\">\n<p><\/p>\n\n\n\n<p class=\"has-black-color has-text-color has-background has-link-color wp-elements-79adeac270e0e297e9ef9fda09a84f7b\" style=\"background-color:#ffffffbd\">Im Jahr 1966 beginnen die ersten Aktivit\u00e4ten von zun\u00e4chst 14 Frauen im Saal Krafeld. Mehr und mehr Frauen schlie\u00dfen sich an, bis nach kurzer Zeit die Zahl auf 44 ansteigt. Nach Fertigstellung der Turnhalle des heutigen Gymnasiums und einer ersten Versammlung von 90 Frauen wird unter der Initiative von Liesel \u00dcbbing im Jahr 1972 die damals genannte Fachschaft \u201eFrauengymnastik\u201c gegr\u00fcndet. Ende 1973 kommen bereits 210 Mitglieder zusammen.<br><br>Einen weiteren Aufschwung in der Vielfalt der Angebote und Aktivit\u00e4ten gibt es, als 1985 die Turnhalle der heutigen Astrid-Lindgren- Schule in Horstmar fertig wird. Die Mitgliederzahl w\u00e4chst stetig und weist heute eine Anzahl von weit \u00fcber 500 Frauen, Kindern und M\u00e4nnern auf.<br>Das breite Angebot heute reicht von der klassischen Gymnastik \u00fcber Fitnesssport, Yoga, Breitensport f\u00fcr Kinder und Jugendliche, Psychomotorik f\u00fcr Kinder, Seniorensport, Bewegungseinheiten mit Rollatoren, Spiel und Sport f\u00fcr Vorschul- und Krabbelkinder, Abenteuer- und Erlebnissport, Familiensport u.v.m.<br>Die Organisation und Betreuung wird derzeit von 16 \u00dcbungsleiterinnen und einem \u00dcbungsleiter, 6 \u00dcbungsleiterhelferinnen sowie 9 Vorstandsfrauen geleistet.<\/p>\n<\/div><\/div>\n\n\n\n<div style=\"height:54px\" aria-hidden=\"true\" class=\"wp-block-spacer\"><\/div>\n\n\n\n<h2 class=\"wp-block-heading\"><strong>Aktuelle Angebote in Stichpunkten<\/strong><\/h2>\n\n\n\n<div style=\"height:32px\" aria-hidden=\"true\" class=\"wp-block-spacer\"><\/div>\n\n\n\n<div class=\"wp-block-media-text has-media-on-the-right is-stacked-on-mobile is-image-fill-element\" style=\"grid-template-columns:auto 47%\"><div class=\"wp-block-media-text__content\">\n<h3 class=\"wp-block-heading\">Sport f\u00fcr Erwachsene<\/h3>\n\n\n\n<ul class=\"wp-block-list\">\n<li>Be\u00edspiele; N\u00e4heres siehe unter <strong>Aktuelles<\/strong> und <strong>Sportgruppen<\/strong><\/li>\n\n\n\n<li>Gymnastik f\u00fcr Frauen<br>&#8211; integriert mit Training f\u00fcr Ausdauer, Kraft, Koordination und Entspannung sowie Sport pro Gesundheit <\/li>\n\n\n\n<li>Fitnesssport Zumba-Step<\/li>\n\n\n\n<li>Strong by Zumba<\/li>\n\n\n\n<li>PowerMan (Fitness f\u00fcr M\u00e4nner)<\/li>\n\n\n\n<li>Yoga; Seniorensport<\/li>\n<\/ul>\n<\/div><figure class=\"wp-block-media-text__media\"><img loading=\"lazy\" decoding=\"async\" width=\"1024\" height=\"681\" src=\"https:\/\/germaniahorstmar.de\/gymnastik\/wp-content\/uploads\/sites\/6\/2023\/12\/sports-927762_1280-1024x681.jpg\" alt=\"\" class=\"wp-image-679 size-full\" style=\"object-position:77% 45%\" srcset=\"https:\/\/germaniahorstmar.de\/gymnastik\/wp-content\/uploads\/sites\/6\/2023\/12\/sports-927762_1280-1024x681.jpg 1024w, https:\/\/germaniahorstmar.de\/gymnastik\/wp-content\/uploads\/sites\/6\/2023\/12\/sports-927762_1280-300x199.jpg 300w, https:\/\/germaniahorstmar.de\/gymnastik\/wp-content\/uploads\/sites\/6\/2023\/12\/sports-927762_1280-768x511.jpg 768w, https:\/\/germaniahorstmar.de\/gymnastik\/wp-content\/uploads\/sites\/6\/2023\/12\/sports-927762_1280-220x146.jpg 220w, https:\/\/germaniahorstmar.de\/gymnastik\/wp-content\/uploads\/sites\/6\/2023\/12\/sports-927762_1280-50x33.jpg 50w, https:\/\/germaniahorstmar.de\/gymnastik\/wp-content\/uploads\/sites\/6\/2023\/12\/sports-927762_1280-113x75.jpg 113w, https:\/\/germaniahorstmar.de\/gymnastik\/wp-content\/uploads\/sites\/6\/2023\/12\/sports-927762_1280.jpg 1280w\" sizes=\"auto, (max-width:767px) 480px, (max-width:1024px) 100vw, 1024px\" \/><\/figure><\/div>\n\n\n\n<div style=\"height:38px\" aria-hidden=\"true\" class=\"wp-block-spacer\"><\/div>\n\n\n\n<div class=\"wp-block-media-text is-stacked-on-mobile is-image-fill-element\"><figure class=\"wp-block-media-text__media\"><img loading=\"lazy\" decoding=\"async\" width=\"1024\" height=\"681\" src=\"https:\/\/germaniahorstmar.de\/gymnastik\/wp-content\/uploads\/sites\/6\/2023\/12\/sports-927759_1280-1024x681.jpg\" alt=\"\" class=\"wp-image-680 size-full\" style=\"object-position:50% 50%\" srcset=\"https:\/\/germaniahorstmar.de\/gymnastik\/wp-content\/uploads\/sites\/6\/2023\/12\/sports-927759_1280-1024x681.jpg 1024w, https:\/\/germaniahorstmar.de\/gymnastik\/wp-content\/uploads\/sites\/6\/2023\/12\/sports-927759_1280-300x199.jpg 300w, https:\/\/germaniahorstmar.de\/gymnastik\/wp-content\/uploads\/sites\/6\/2023\/12\/sports-927759_1280-768x511.jpg 768w, https:\/\/germaniahorstmar.de\/gymnastik\/wp-content\/uploads\/sites\/6\/2023\/12\/sports-927759_1280-220x146.jpg 220w, https:\/\/germaniahorstmar.de\/gymnastik\/wp-content\/uploads\/sites\/6\/2023\/12\/sports-927759_1280-50x33.jpg 50w, https:\/\/germaniahorstmar.de\/gymnastik\/wp-content\/uploads\/sites\/6\/2023\/12\/sports-927759_1280-113x75.jpg 113w, https:\/\/germaniahorstmar.de\/gymnastik\/wp-content\/uploads\/sites\/6\/2023\/12\/sports-927759_1280.jpg 1280w\" sizes=\"auto, (max-width:767px) 480px, (max-width:1024px) 100vw, 1024px\" \/><\/figure><div class=\"wp-block-media-text__content\">\n<h3 class=\"wp-block-heading\">Sport f\u00fcr Kinder und Jugendliche<\/h3>\n\n\n\n<ul class=\"wp-block-list\">\n<li>Be\u00edspiele; N\u00e4heres siehe unter <strong>Aktuelles<\/strong> und <strong>Sportgruppen<\/strong><\/li>\n\n\n\n<li>Krabbelturnen<\/li>\n\n\n\n<li>Eltern-Kind- Sport<\/li>\n\n\n\n<li>Psychomotorik<\/li>\n\n\n\n<li>M\u00e4dchensport<\/li>\n\n\n\n<li>Jungensport<\/li>\n\n\n\n<li>Sport f\u00fcr M\u00e4dels (ab 5. Schuljahr)<\/li>\n\n\n\n<li>Sporteln<\/li>\n\n\n\n<li>Abenteuer- und Erlebnissport<\/li>\n<\/ul>\n<\/div><\/div>\n\n\n\n<div style=\"height:33px\" aria-hidden=\"true\" class=\"wp-block-spacer\"><\/div>\n\n\n\n<p><strong>\u00dcberzeugt Euch von unserem Angebot \u2013 eine Schnupperstunde ist jederzeit m\u00f6glich.<\/strong><\/p>\n\n\n\n<div style=\"height:57px\" aria-hidden=\"true\" class=\"wp-block-spacer\"><\/div>\n<\/div><\/div>\n","protected":false},"excerpt":{"rendered":"<p>Willkommen bei der Gymnastik-Abteilung des TuS Germania Horstmar. Wir bieten ein breites Programm im Bereich der Gymnastik und des Gesundheitsports an.&nbsp;F\u00fcr alle Altersgruppen ist etwas dabei. Aktuelle Angebote in Stichpunkten Sport f\u00fcr Erwachsene Sport f\u00fcr Kinder und Jugendliche \u00dcberzeugt Euch von unserem Angebot \u2013 eine Schnupperstunde ist jederzeit m\u00f6glich.<\/p>\n","protected":false},"author":1,"featured_media":0,"parent":0,"menu_order":0,"comment_status":"closed","ping_status":"closed","template":"","meta":{"footnotes":""},"class_list":["post-7","page","type-page","status-publish","hentry"],"_links":{"self":[{"href":"https:\/\/germaniahorstmar.de\/gymnastik\/wp-json\/wp\/v2\/pages\/7","targetHints":{"allow":["GET"]}}],"collection":[{"href":"https:\/\/germaniahorstmar.de\/gymnastik\/wp-json\/wp\/v2\/pages"}],"about":[{"href":"https:\/\/germaniahorstmar.de\/gymnastik\/wp-json\/wp\/v2\/types\/page"}],"author":[{"embeddable":true,"href":"https:\/\/germaniahorstmar.de\/gymnastik\/wp-json\/wp\/v2\/users\/1"}],"replies":[{"embeddable":true,"href":"https:\/\/germaniahorstmar.de\/gymnastik\/wp-json\/wp\/v2\/comments?post=7"}],"version-history":[{"count":9,"href":"https:\/\/germaniahorstmar.de\/gymnastik\/wp-json\/wp\/v2\/pages\/7\/revisions"}],"predecessor-version":[{"id":851,"href":"https:\/\/germaniahorstmar.de\/gymnastik\/wp-json\/wp\/v2\/pages\/7\/revisions\/851"}],"wp:attachment":[{"href":"https:\/\/germaniahorstmar.de\/gymnastik\/wp-json\/wp\/v2\/media?parent=7"}],"curies":[{"name":"wp","href":"https:\/\/api.w.org\/{rel}","templated":true}]}}