{"id":1682,"date":"2017-11-01T23:24:24","date_gmt":"2017-11-01T22:24:24","guid":{"rendered":"http:\/\/germaniahorstmar.de\/leichtathletik\/?page_id=1682"},"modified":"2025-09-08T23:34:21","modified_gmt":"2025-09-08T21:34:21","slug":"burgmannstaedter-schuelersportfest","status":"publish","type":"page","link":"https:\/\/germaniahorstmar.de\/leichtathletik\/burgmannstaedter-schuelersportfest\/","title":{"rendered":"Burgmannst\u00e4dter Sch\u00fclersportfest"},"content":{"rendered":"\n<div class=\"wp-block-columns is-layout-flex wp-container-core-columns-is-layout-9d6595d7 wp-block-columns-is-layout-flex\">\n<div class=\"wp-block-column is-layout-flow wp-block-column-is-layout-flow\" style=\"flex-basis:10%\"><\/div>\n\n\n\n<div class=\"wp-block-column is-layout-flow wp-block-column-is-layout-flow\" style=\"flex-basis:80%\">\n<figure class=\"wp-block-table\"><table><tbody><tr><td><strong>8. Burgmannst\u00e4dtersportfest 2023<\/strong><\/td><td><a href=\"https:\/\/ergebnisse.leichtathletik.de\/Competitions\/Details\/9907\" target=\"_blank\" rel=\"noopener\">Ergebnisse<\/a><\/td><\/tr><tr><td><strong>7. Burgmannst\u00e4dtersportfest 2022<\/strong><\/td><td><a href=\"https:\/\/ladv.de\/ergebnisse\/65453\/7.-Burgmannst%C3%A4dter-Sportfest-Ergebnisliste-Horstmar-2022.htm\" target=\"_blank\" rel=\"noopener\">Ergebnisse<\/a><\/td><\/tr><tr><td><strong>6. Burgmannst\u00e4dtersportfest 2019<\/strong><\/td><td><a href=\"https:\/\/ladv.de\/ergebnis\/datei\/48994\" target=\"_blank\" rel=\"noopener\">Ergebnisse<\/a><\/td><\/tr><tr><td><strong>5. Burgmannst\u00e4dtersportfest 2018<\/strong><\/td><td><a href=\"https:\/\/ladv.de\/veranstaltung\/detail\/15231\/5.-Burgmannst%C3%A4dter-Sch%C3%BClersportfest-Horstmar.htm\" target=\"_blank\" rel=\"noopener\">Ergebnisse <\/a><\/td><\/tr><tr><td><strong>4. Burgmannst\u00e4dtersportfest 2017<\/strong><\/td><td><a href=\"https:\/\/ladv.de\/veranstaltung\/detail\/13254\/4.-Burgmannst%C3%A4dter-Sch%C3%BClersportfest-Horstmar.htm\" target=\"_blank\" rel=\"noopener\">Ergebnisse<\/a><\/td><\/tr><tr><td><strong>3. Burgmannst\u00e4dtersportfest 2016<\/strong><\/td><td><a href=\"https:\/\/ladv.de\/veranstaltung\/detail\/10995\/3.-Burgmannst%C3%A4dter-Sch%C3%BClersportfest-Horstmar.htm\" target=\"_blank\" rel=\"noopener\">Ergebnisse<\/a><\/td><\/tr><tr><td><strong>2. Burgmannst\u00e4dtersportfest 2015<\/strong><\/td><td><a href=\"https:\/\/ladv.de\/veranstaltung\/detail\/9114\/2.-Burgmannsst%C3%A4dter-Sch%C3%BClersportfest-Horstmar.htm\" target=\"_blank\" rel=\"noopener\">Ergebnisse<\/a><\/td><\/tr><tr><td><strong>1. Burgmannst\u00e4dtersporfest 2014<\/strong><\/td><td><a href=\"https:\/\/ladv.de\/veranstaltung\/detail\/7433\/1.-Burgmannsst%C3%A4dter-Sch%C3%BClersportfest-Horstmar.htm\" target=\"_blank\" rel=\"noopener\">Ergebnisse<\/a><\/td><\/tr><\/tbody><\/table><\/figure>\n<\/div>\n\n\n\n<div class=\"wp-block-column is-layout-flow wp-block-column-is-layout-flow\" style=\"flex-basis:10%\"><\/div>\n<\/div>\n","protected":false},"excerpt":{"rendered":"<p>8. Burgmannst\u00e4dtersportfest 2023 Ergebnisse 7. Burgmannst\u00e4dtersportfest 2022 Ergebnisse 6. Burgmannst\u00e4dtersportfest 2019 Ergebnisse 5. Burgmannst\u00e4dtersportfest 2018 Ergebnisse 4. Burgmannst\u00e4dtersportfest 2017 Ergebnisse 3. Burgmannst\u00e4dtersportfest 2016 Ergebnisse 2. Burgmannst\u00e4dtersportfest 2015 Ergebnisse 1. Burgmannst\u00e4dtersporfest 2014 Ergebnisse<\/p>\n","protected":false},"author":5,"featured_media":0,"parent":0,"menu_order":1,"comment_status":"closed","ping_status":"closed","template":"","meta":{"footnotes":""},"class_list":["post-1682","page","type-page","status-publish","hentry"],"_links":{"self":[{"href":"https:\/\/germaniahorstmar.de\/leichtathletik\/wp-json\/wp\/v2\/pages\/1682","targetHints":{"allow":["GET"]}}],"collection":[{"href":"https:\/\/germaniahorstmar.de\/leichtathletik\/wp-json\/wp\/v2\/pages"}],"about":[{"href":"https:\/\/germaniahorstmar.de\/leichtathletik\/wp-json\/wp\/v2\/types\/page"}],"author":[{"embeddable":true,"href":"https:\/\/germaniahorstmar.de\/leichtathletik\/wp-json\/wp\/v2\/users\/5"}],"replies":[{"embeddable":true,"href":"https:\/\/germaniahorstmar.de\/leichtathletik\/wp-json\/wp\/v2\/comments?post=1682"}],"version-history":[{"count":10,"href":"https:\/\/germaniahorstmar.de\/leichtathletik\/wp-json\/wp\/v2\/pages\/1682\/revisions"}],"predecessor-version":[{"id":4048,"href":"https:\/\/germaniahorstmar.de\/leichtathletik\/wp-json\/wp\/v2\/pages\/1682\/revisions\/4048"}],"wp:attachment":[{"href":"https:\/\/germaniahorstmar.de\/leichtathletik\/wp-json\/wp\/v2\/media?parent=1682"}],"curies":[{"name":"wp","href":"https:\/\/api.w.org\/{rel}","templated":true}]}}