{"id":117,"date":"2019-05-04T14:31:30","date_gmt":"2019-05-04T12:31:30","guid":{"rendered":"http:\/\/germaniahorstmar.de\/tennis\/?page_id=117"},"modified":"2026-03-17T18:27:16","modified_gmt":"2026-03-17T17:27:16","slug":"spielplan","status":"publish","type":"page","link":"https:\/\/germaniahorstmar.de\/tennis\/spielplan\/","title":{"rendered":"Spielplan"},"content":{"rendered":"\n<h2 class=\"wp-block-heading\">Spielplan<\/h2>\n\n\n\n<h3 class=\"wp-block-heading\">Damen 40 4er 1<\/h3>\n\n\n\n<figure class=\"wp-block-table\"><table><tbody><tr><th class=\"has-text-align-left\" data-align=\"left\">Datum, Uhrzeit<\/th><th class=\"has-text-align-center\" data-align=\"center\">Heimmannschaft<\/th><th class=\"has-text-align-center\" data-align=\"center\">Gastmannschaft<\/th><\/tr><tr><td class=\"has-text-align-left\" data-align=\"left\">Sa. 09.05.2026 13:00<\/td><td class=\"has-text-align-center\" data-align=\"center\">TuS Germania Horstmar 1<\/td><td class=\"has-text-align-center\" data-align=\"center\"> TC Gr\u00fcn-Wei\u00df Reckenfeld 1<\/td><\/tr><tr><td class=\"has-text-align-left\" data-align=\"left\">So. 31.05.2026 10:00<\/td><td class=\"has-text-align-center\" data-align=\"center\">TV Blau-Wei\u00df Epe 2<\/td><td class=\"has-text-align-center\" data-align=\"center\">TuS Germania Horstmar 1<\/td><\/tr><tr><td class=\"has-text-align-left\" data-align=\"left\">Sa. 13.06.2026 13:00<\/td><td class=\"has-text-align-center\" data-align=\"center\">TuS Germania Horstmar 1<\/td><td class=\"has-text-align-center\" data-align=\"center\">Sportverein Greven 2021 e.V. 2<\/td><\/tr><tr><td class=\"has-text-align-left\" data-align=\"left\">So. 05.07.2026 10:00<\/td><td class=\"has-text-align-center\" data-align=\"center\">TuS Altenberge 09 2<\/td><td class=\"has-text-align-center\" data-align=\"center\">TuS Germania Horstmar 1<\/td><\/tr><tr><td class=\"has-text-align-left\" data-align=\"left\">So. 06.09.2026 10:00<\/td><td class=\"has-text-align-center\" data-align=\"center\">Alst\u00e4tter TC e.V. 1982 1<\/td><td class=\"has-text-align-center\" data-align=\"center\">TuS Germania Horstmar 1<\/td><\/tr><\/tbody><\/table><\/figure>\n\n\n\n<h3 class=\"wp-block-heading\">Herren 4er 1<\/h3>\n\n\n\n<figure class=\"wp-block-table\"><table><tbody><tr><th class=\"has-text-align-left\" data-align=\"left\">Datum, Uhrzeit<\/th><th class=\"has-text-align-center\" data-align=\"center\">Heimmannschaft<\/th><th class=\"has-text-align-center\" data-align=\"center\">Gastmannschaft<\/th><\/tr><tr><td class=\"has-text-align-left\" data-align=\"left\">So. 10.05.2026 10:00<\/td><td class=\"has-text-align-center\" data-align=\"center\">TuS Germania Horstmar 1<\/td><td class=\"has-text-align-center\" data-align=\"center\">SV Union Wessum 1<\/td><\/tr><tr><td class=\"has-text-align-left\" data-align=\"left\">Sa. 30.05.2026 13:00<\/td><td class=\"has-text-align-center\" data-align=\"center\">TuS Germania Horstmar 1<\/td><td class=\"has-text-align-center\" data-align=\"center\">TC Borghorst 1<\/td><\/tr><tr><td class=\"has-text-align-left\" data-align=\"left\">Sa. 13.06.2026 13:00<\/td><td class=\"has-text-align-center\" data-align=\"center\">SG Elte 1974 1<\/td><td class=\"has-text-align-center\" data-align=\"center\">TuS Germania Horstmar 1<\/td><\/tr><tr><td class=\"has-text-align-left\" data-align=\"left\">So. 28.06.2026 10:00<\/td><td class=\"has-text-align-center\" data-align=\"center\">Alst\u00e4tter TC e.V. 1982 2<\/td><td class=\"has-text-align-center\" data-align=\"center\">TuS Germania Horstmar 1<\/td><\/tr><tr><td class=\"has-text-align-left\" data-align=\"left\">Sa. 04.07.2026 13:00<\/td><td class=\"has-text-align-center\" data-align=\"center\">TuS Germania Horstmar 1<\/td><td class=\"has-text-align-center\" data-align=\"center\">FC Eintracht Rheine 1<\/td><\/tr><tr><td class=\"has-text-align-left\" data-align=\"left\">So. 12.07.2026 10:00<\/td><td class=\"has-text-align-center\" data-align=\"center\">TC GW Sch\u00f6ppingen 2<\/td><td class=\"has-text-align-center\" data-align=\"center\">TuS Germania Horstmar 1<\/td><\/tr><tr><td class=\"has-text-align-left\" data-align=\"left\">Sa. 05.09.2026 13:00<\/td><td class=\"has-text-align-center\" data-align=\"center\">TuS Germania Horstmar 1<\/td><td class=\"has-text-align-center\" data-align=\"center\">TC Blau-Wei\u00df Laer 1<\/td><\/tr><\/tbody><\/table><\/figure>\n\n\n\n<h3 class=\"wp-block-heading\">Herren 30 4er 1<\/h3>\n\n\n\n<figure class=\"wp-block-table\"><table class=\"has-fixed-layout\"><tbody><tr><td class=\"has-text-align-left\" data-align=\"left\"><strong>Datum, Uhrzeit<\/strong><\/td><td class=\"has-text-align-center\" data-align=\"center\"><strong>Heimmannschaft<\/strong><\/td><td class=\"has-text-align-center\" data-align=\"center\"><strong>Gastmannschaft<\/strong><\/td><\/tr><tr><td class=\"has-text-align-left\" data-align=\"left\">Sa. 09.05.2026 13:00<\/td><td class=\"has-text-align-center\" data-align=\"center\">TC 1951 Altenberge 3<\/td><td class=\"has-text-align-center\" data-align=\"center\">TuS Germania Horstmar 1<\/td><\/tr><tr><td class=\"has-text-align-left\" data-align=\"left\">So. 31.05.2026 10:00<\/td><td class=\"has-text-align-center\" data-align=\"center\">TuS Germania Horstmar 1<\/td><td class=\"has-text-align-center\" data-align=\"center\">TC Gr\u00fcn-Wei\u00df Mesum 3<\/td><\/tr><tr><td class=\"has-text-align-left\" data-align=\"left\">So. 14.06.2026 10:00<\/td><td class=\"has-text-align-center\" data-align=\"center\">TuS Germania Horstmar 1<\/td><td class=\"has-text-align-center\" data-align=\"center\">TC GW Ahaus 3<\/td><\/tr><tr><td class=\"has-text-align-left\" data-align=\"left\">Sa. 27.06.2026 13:00<\/td><td class=\"has-text-align-center\" data-align=\"center\">TC Nordwalde 1921 2<\/td><td class=\"has-text-align-center\" data-align=\"center\">TuS Germania Horstmar 1<\/td><\/tr><tr><td class=\"has-text-align-left\" data-align=\"left\">So. 05.07.2026 10:00<\/td><td class=\"has-text-align-center\" data-align=\"center\">TC Union Rheine e.V. 2<\/td><td class=\"has-text-align-center\" data-align=\"center\">TuS Germania Horstmar 1<\/td><\/tr><tr><td class=\"has-text-align-left\" data-align=\"left\">So. 06.09.2026 10:00<\/td><td class=\"has-text-align-center\" data-align=\"center\">TuS Germania Horstmar 1<\/td><td class=\"has-text-align-center\" data-align=\"center\">TC 1928 Ochtrup 2<\/td><\/tr><\/tbody><\/table><\/figure>\n\n\n\n<h3 class=\"wp-block-heading\">Herren 60 4er 1<\/h3>\n\n\n\n<figure class=\"wp-block-table\"><table><tbody><tr><th class=\"has-text-align-left\" data-align=\"left\">Datum, Uhrzeit<\/th><th class=\"has-text-align-center\" data-align=\"center\">Heimmannschaft<\/th><th class=\"has-text-align-center\" data-align=\"center\">Gastmannschaft<\/th><\/tr><tr><td class=\"has-text-align-left\" data-align=\"left\">So. 31.05.2026 10:00<\/td><td class=\"has-text-align-center\" data-align=\"center\">TuS Germania Horstmar 1<\/td><td class=\"has-text-align-center\" data-align=\"center\">TG M\u00fcnster 1<\/td><\/tr><tr><td class=\"has-text-align-left\" data-align=\"left\">So. 14.06.2026 10:00<\/td><td class=\"has-text-align-center\" data-align=\"center\">TC Ostbevern 1<\/td><td class=\"has-text-align-center\" data-align=\"center\">TuS Germania Horstmar 1<\/td><\/tr><tr><td class=\"has-text-align-left\" data-align=\"left\">Sa. 11.07.2026 13:00<\/td><td class=\"has-text-align-center\" data-align=\"center\">TuS Germania Horstmar 1<\/td><td class=\"has-text-align-center\" data-align=\"center\">SV GW Hausd\u00fclmen 1<\/td><\/tr><tr><td class=\"has-text-align-left\" data-align=\"left\">So. 06.09.2026 10:00<\/td><td class=\"has-text-align-center\" data-align=\"center\">TC 1928 Ochtrup 1<\/td><td class=\"has-text-align-center\" data-align=\"center\">TuS Germania Horstmar 1<\/td><\/tr><\/tbody><\/table><\/figure>\n\n\n\n<h3 class=\"wp-block-heading\">Herren 60 Doppel 1<\/h3>\n\n\n\n<figure class=\"wp-block-table\"><table><tbody><tr><th class=\"has-text-align-left\" data-align=\"left\">Datum, Uhrzeit<\/th><th class=\"has-text-align-center\" data-align=\"center\">Heimmannschaft<\/th><th class=\"has-text-align-center\" data-align=\"center\">Gastmannschaft<\/th><\/tr><tr><td class=\"has-text-align-left\" data-align=\"left\">So. 17.05.2026 10:00<\/td><td class=\"has-text-align-center\" data-align=\"center\">TuS Germania Horstmar 1<\/td><td class=\"has-text-align-center\" data-align=\"center\">TC Gr\u00fcn-Wei\u00df Reckenfeld 1<\/td><\/tr><tr><td class=\"has-text-align-left\" data-align=\"left\">So. 07.06.2026 10:00<\/td><td class=\"has-text-align-center\" data-align=\"center\">TC Hauenhorst 1<\/td><td class=\"has-text-align-center\" data-align=\"center\">TuS Germania Horstmar 1<\/td><\/tr><tr><td class=\"has-text-align-left\" data-align=\"left\">So. 02.08.2026 10:00<\/td><td class=\"has-text-align-center\" data-align=\"center\">SV Herbern 1<\/td><td class=\"has-text-align-center\" data-align=\"center\">TuS Germania Horstmar 1<\/td><\/tr><tr><td class=\"has-text-align-left\" data-align=\"left\">Sa. 08.08.2026 13:00<\/td><td class=\"has-text-align-center\" data-align=\"center\">SF Merfeld e.V. TA 1<\/td><td class=\"has-text-align-center\" data-align=\"center\">TuS Germania Horstmar 1<\/td><\/tr><tr><td class=\"has-text-align-left\" data-align=\"left\">Sa. 29.08.2026 13:00<\/td><td class=\"has-text-align-center\" data-align=\"center\">TuS Germania Horstmar 1<\/td><td class=\"has-text-align-center\" data-align=\"center\">BTV Nottuln 1<\/td><\/tr><\/tbody><\/table><\/figure>\n\n\n\n<h3 class=\"wp-block-heading\">Herren 65 Doppel 1<\/h3>\n\n\n\n<figure class=\"wp-block-table\"><table class=\"has-fixed-layout\"><tbody><tr><td class=\"has-text-align-left\" data-align=\"left\"><strong>Datum,  Uhrzeit<\/strong><\/td><td class=\"has-text-align-center\" data-align=\"center\"><strong>Heimmannschaft<\/strong><\/td><td class=\"has-text-align-center\" data-align=\"center\"><strong>Gastmannschaft<\/strong><\/td><\/tr><tr><td class=\"has-text-align-left\" data-align=\"left\">Mi. 13.05.2026 11:00<\/td><td class=\"has-text-align-center\" data-align=\"center\">TuS Germania Horstmar 1<\/td><td class=\"has-text-align-center\" data-align=\"center\">ETuS Haltern 1<\/td><\/tr><tr><td class=\"has-text-align-left\" data-align=\"left\">Mi. 03.06.2026 11:00<\/td><td class=\"has-text-align-center\" data-align=\"center\">TuS Germania Horstmar 1<\/td><td class=\"has-text-align-center\" data-align=\"center\">SG Gr\u00fcn-Wei\u00df Telgte 1<\/td><\/tr><tr><td class=\"has-text-align-left\" data-align=\"left\">Mi. 17.06.2026 11:00<\/td><td class=\"has-text-align-center\" data-align=\"center\">SV Schwarz-Wei\u00df Lienen 1<\/td><td class=\"has-text-align-center\" data-align=\"center\">TuS Germania Horstmar 1<\/td><\/tr><tr><td class=\"has-text-align-left\" data-align=\"left\">Mi. 22.07.2026 11:00<\/td><td class=\"has-text-align-center\" data-align=\"center\">TuS Germania Horstmar 1<\/td><td class=\"has-text-align-center\" data-align=\"center\">SV Ems Westbevern 1<\/td><\/tr><tr><td class=\"has-text-align-left\" data-align=\"left\">Mi. 12.08.2026 11:00<\/td><td class=\"has-text-align-center\" data-align=\"center\">SV Eintracht Erle 1<\/td><td class=\"has-text-align-center\" data-align=\"center\">TuS Germania Horstmar 1<\/td><\/tr><tr><td class=\"has-text-align-left\" data-align=\"left\">Mi. 19.08.2026 11:00<\/td><td class=\"has-text-align-center\" data-align=\"center\">TC Borghorst 1<\/td><td class=\"has-text-align-center\" data-align=\"center\">TuS Germania Horstmar 1<\/td><\/tr><tr><td class=\"has-text-align-left\" data-align=\"left\">Mi. 26.08.2026 11:00<\/td><td class=\"has-text-align-center\" data-align=\"center\">TC Gr\u00fcn-Wei\u00df Bork 1<\/td><td class=\"has-text-align-center\" data-align=\"center\">TuS Germania Horstmar 1<\/td><\/tr><\/tbody><\/table><\/figure>\n\n\n\n<h3 class=\"wp-block-heading\">Mixed 50 Doppel 1<\/h3>\n\n\n\n<figure class=\"wp-block-table\"><table><tbody><tr><th class=\"has-text-align-left\" data-align=\"left\">Datum, Uhrzeit<\/th><th class=\"has-text-align-center\" data-align=\"center\">Heimmannschaft<\/th><th class=\"has-text-align-center\" data-align=\"center\">Gastmannschaft<\/th><\/tr><tr><td class=\"has-text-align-left\" data-align=\"left\">Sa. 16.05.2026 13:00<\/td><td class=\"has-text-align-center\" data-align=\"center\">TuS Germania Horstmar 1<\/td><td class=\"has-text-align-center\" data-align=\"center\">ASV Senden 1<\/td><\/tr><tr><td class=\"has-text-align-left\" data-align=\"left\">Sa. 06.06.2026 13:00<\/td><td class=\"has-text-align-center\" data-align=\"center\">Hardter TV 1<\/td><td class=\"has-text-align-center\" data-align=\"center\">TuS Germania Horstmar 1<\/td><\/tr><tr><td class=\"has-text-align-left\" data-align=\"left\">So. 21.06.2026 10:00<\/td><td class=\"has-text-align-center\" data-align=\"center\">TuS Germania Horstmar 1<\/td><td class=\"has-text-align-center\" data-align=\"center\">THC M\u00fcnster 1<\/td><\/tr><tr><td class=\"has-text-align-left\" data-align=\"left\">Sa. 01.08.2026 13:00<\/td><td class=\"has-text-align-center\" data-align=\"center\">TC Handorf 1<\/td><td class=\"has-text-align-center\" data-align=\"center\">TuS Germania Horstmar 1<\/td><\/tr><\/tbody><\/table><\/figure>\n\n\n\n<h3 class=\"wp-block-heading\">Hobby Damen B 1<\/h3>\n\n\n\n<figure class=\"wp-block-table\"><table><tbody><tr><th class=\"has-text-align-left\" data-align=\"left\">Datum, Uhrzeit<\/th><th class=\"has-text-align-center\" data-align=\"center\">Heimmannschaft<\/th><th class=\"has-text-align-center\" data-align=\"center\">Gastmannschaft<\/th><\/tr><tr><td class=\"has-text-align-left\" data-align=\"left\">Sa. 16.05.2026 10:00<\/td><td class=\"has-text-align-center\" data-align=\"center\">TuS Germania Horstmar 1<\/td><td class=\"has-text-align-center\" data-align=\"center\">TC Blau-Wei\u00df Tecklenburg 1<\/td><\/tr><tr><td class=\"has-text-align-left\" data-align=\"left\">Sa. 30.05.2026 10:00<\/td><td class=\"has-text-align-center\" data-align=\"center\">TuS Germania Horstmar 1<\/td><td class=\"has-text-align-center\" data-align=\"center\">TC Blau-Gold Ibbenb\u00fcren 1<\/td><\/tr><tr><td class=\"has-text-align-left\" data-align=\"left\">Sa. 13.06.2026 10:00<\/td><td class=\"has-text-align-center\" data-align=\"center\">TC Ostbevern 1<\/td><td class=\"has-text-align-center\" data-align=\"center\">TuS Germania Horstmar 1<\/td><\/tr><tr><td class=\"has-text-align-left\" data-align=\"left\">Sa. 20.06.2026 13:00<\/td><td class=\"has-text-align-center\" data-align=\"center\">TC Blau-Wei\u00df Laer 1<\/td><td class=\"has-text-align-center\" data-align=\"center\">TuS Germania Horstmar 1<\/td><\/tr><\/tbody><\/table><\/figure>\n\n\n\n<p><\/p>\n","protected":false},"excerpt":{"rendered":"<p>Spielplan Damen 40 4er 1 Datum, Uhrzeit Heimmannschaft Gastmannschaft Sa. 09.05.2026 13:00 TuS Germania Horstmar 1 TC Gr\u00fcn-Wei\u00df Reckenfeld 1 So. 31.05.2026 10:00 TV Blau-Wei\u00df Epe 2 TuS Germania Horstmar 1 Sa. 13.06.2026 13:00 TuS Germania Horstmar 1 Sportverein Greven 2021 e.V. 2 So. 05.07.2026 10:00 TuS Altenberge 09 2<span class=\"excerpt-hellip\"> [\u2026]<\/span><\/p>\n","protected":false},"author":14,"featured_media":0,"parent":0,"menu_order":0,"comment_status":"closed","ping_status":"closed","template":"","meta":{"footnotes":""},"class_list":["post-117","page","type-page","status-publish","hentry"],"_links":{"self":[{"href":"https:\/\/germaniahorstmar.de\/tennis\/wp-json\/wp\/v2\/pages\/117","targetHints":{"allow":["GET"]}}],"collection":[{"href":"https:\/\/germaniahorstmar.de\/tennis\/wp-json\/wp\/v2\/pages"}],"about":[{"href":"https:\/\/germaniahorstmar.de\/tennis\/wp-json\/wp\/v2\/types\/page"}],"author":[{"embeddable":true,"href":"https:\/\/germaniahorstmar.de\/tennis\/wp-json\/wp\/v2\/users\/14"}],"replies":[{"embeddable":true,"href":"https:\/\/germaniahorstmar.de\/tennis\/wp-json\/wp\/v2\/comments?post=117"}],"version-history":[{"count":9,"href":"https:\/\/germaniahorstmar.de\/tennis\/wp-json\/wp\/v2\/pages\/117\/revisions"}],"predecessor-version":[{"id":921,"href":"https:\/\/germaniahorstmar.de\/tennis\/wp-json\/wp\/v2\/pages\/117\/revisions\/921"}],"wp:attachment":[{"href":"https:\/\/germaniahorstmar.de\/tennis\/wp-json\/wp\/v2\/media?parent=117"}],"curies":[{"name":"wp","href":"https:\/\/api.w.org\/{rel}","templated":true}]}}