{"id":9,"date":"2018-05-20T17:01:57","date_gmt":"2018-05-20T15:01:57","guid":{"rendered":"http:\/\/germaniahorstmar.de\/tennis\/?page_id=9"},"modified":"2026-03-17T17:10:47","modified_gmt":"2026-03-17T16:10:47","slug":"mannschaften","status":"publish","type":"page","link":"https:\/\/germaniahorstmar.de\/tennis\/mannschaften\/","title":{"rendered":"Mannschaften"},"content":{"rendered":"\n<div class=\"wp-block-columns is-layout-flex wp-container-core-columns-is-layout-9d6595d7 wp-block-columns-is-layout-flex\">\n<div class=\"wp-block-column is-layout-flow wp-block-column-is-layout-flow\" style=\"flex-basis:10%\"><\/div>\n\n\n\n<div class=\"wp-block-column is-layout-flow wp-block-column-is-layout-flow\" style=\"flex-basis:80%\">\n<div class=\"wp-block-group\"><div class=\"wp-block-group__inner-container is-layout-constrained wp-block-group-is-layout-constrained\">\n<div class=\"wp-block-columns is-layout-flex wp-container-core-columns-is-layout-9d6595d7 wp-block-columns-is-layout-flex\">\n<div class=\"wp-block-column is-layout-flow wp-block-column-is-layout-flow\" style=\"flex-basis:100%\">\n<div class=\"wp-block-group\"><div class=\"wp-block-group__inner-container is-layout-constrained wp-block-group-is-layout-constrained\">\n<h2 class=\"wp-block-heading\">Mannschaften<\/h2>\n\n\n\n<h3 class=\"wp-block-heading\">Damen 40er 1<\/h3>\n<\/div><\/div>\n<\/div>\n<\/div>\n\n\n\n<figure class=\"wp-block-table is-style-stripes\"><table class=\"has-fixed-layout\"><tbody><tr><td class=\"has-text-align-left\" data-align=\"left\"><strong>Mannschaftsf\u00fchrerin<\/strong><\/td><td>V\u00f6lker, Marianne<br>Mobil: 0172 7048936<br><a href=\"mailto:mvoelke@aol.com\">mvoelke@aol.com<\/a><\/td><\/tr><\/tbody><\/table><\/figure>\n\n\n\n<h3 class=\"wp-block-heading\">Herren 1<\/h3>\n\n\n\n<figure class=\"wp-block-table is-style-stripes\"><table class=\"has-fixed-layout\"><tbody><tr><td class=\"has-text-align-left\" data-align=\"left\"><strong>Mannschaftsf\u00fchrer<\/strong><\/td><td>Kubsch, Jan<br>Mobil: 0173 4650773<br><a href=\"mailto:kubsch.jan@gmail.com\">kubsch.jan@gmail.com<\/a><\/td><\/tr><\/tbody><\/table><\/figure>\n\n\n\n<h3 class=\"wp-block-heading\">Herren 30er 1<\/h3>\n\n\n\n<figure class=\"wp-block-table is-style-stripes\"><table class=\"has-fixed-layout\"><tbody><tr><td class=\"has-text-align-left\" data-align=\"left\"><strong>Mannschaftsf\u00fchrer<\/strong><\/td><td>Reuber, Florian<br>Mobil: 0174 6707155<br><a href=\"mailto:florianreuber.fr@gmail.com\">florianreuber.fr@gmail.com<\/a><\/td><\/tr><\/tbody><\/table><\/figure>\n\n\n\n<h3 class=\"wp-block-heading\">Herren 60er 1<\/h3>\n\n\n\n<figure class=\"wp-block-table is-style-stripes\"><table class=\"has-fixed-layout\"><tbody><tr><td class=\"has-text-align-left\" data-align=\"left\"><strong>Mannschaftsf\u00fchrer<\/strong><\/td><td>De Niet, Leendert<br>Tel.: 0171 4960115<br><a href=\"mailto:leen@ic-dn.de\">leen@ic-dn.de<\/a><\/td><\/tr><\/tbody><\/table><\/figure>\n\n\n\n<h3 class=\"wp-block-heading\">Herren 60 Doppel 1<\/h3>\n\n\n\n<figure class=\"wp-block-table is-style-stripes\"><table class=\"has-fixed-layout\"><tbody><tr><td class=\"has-text-align-left\" data-align=\"left\"><strong>Mannschaftsf\u00fchrer<\/strong><\/td><td>Okwor, Silas<br>Mobil: 0176 64792898<br><a href=\"mailto:suokwor@aol.com\">suokwor@aol.com<\/a><\/td><\/tr><\/tbody><\/table><\/figure>\n\n\n\n<h3 class=\"wp-block-heading\">Herren 65 Doppel 1<\/h3>\n\n\n\n<figure class=\"wp-block-table is-style-stripes\"><table class=\"has-fixed-layout\"><tbody><tr><td class=\"has-text-align-left\" data-align=\"left\"><strong>Mannschaftsf\u00fchrer<\/strong><\/td><td>Flinkert, J\u00fcrgen<br>Mobil: 0157 55776607<br><a href=\"mailto:juk.flinkert@t-online.de\">juk.flinkert@t-online.de<\/a><\/td><\/tr><\/tbody><\/table><\/figure>\n\n\n\n<h3 class=\"wp-block-heading\">Mixed 50 Doppel 1<\/h3>\n\n\n\n<figure class=\"wp-block-table is-style-stripes\"><table class=\"has-fixed-layout\"><tbody><tr><td class=\"has-text-align-left\" data-align=\"left\"><strong>Mannschaftsf\u00fchrer<\/strong><\/td><td>Steppart, Christian<br>Mobil: 0171 2939676<br><a href=\"mailto:christian.steppart@gmx.de\">christian.steppart@gmx.de<\/a><\/td><\/tr><\/tbody><\/table><\/figure>\n\n\n\n<h3 class=\"wp-block-heading\">Hobby Damen B 1 (4er)<\/h3>\n\n\n\n<figure class=\"wp-block-table is-style-stripes\"><table class=\"has-fixed-layout\"><tbody><tr><td class=\"has-text-align-left\" data-align=\"left\"><strong>Mannschaftsf\u00fchrerin<\/strong><\/td><td>Langenhorst, Laura<br>Mobil: 0177 8690212<br><a href=\"mailto:laura.langenhorst@gmx.de\">laura.langenhorst@gmx.de<\/a><\/td><\/tr><\/tbody><\/table><\/figure>\n<\/div><\/div>\n<\/div>\n\n\n\n<div class=\"wp-block-column is-layout-flow wp-block-column-is-layout-flow\" style=\"flex-basis:10%\"><\/div>\n<\/div>\n\n\n\n<p><\/p>\n","protected":false},"excerpt":{"rendered":"<p>Mannschaften Damen 40er 1 Mannschaftsf\u00fchrerin V\u00f6lker, MarianneMobil: 0172 7048936mvoelke@aol.com Herren 1 Mannschaftsf\u00fchrer Kubsch, JanMobil: 0173 4650773kubsch.jan@gmail.com Herren 30er 1 Mannschaftsf\u00fchrer Reuber, FlorianMobil: 0174 6707155florianreuber.fr@gmail.com Herren 60er 1 Mannschaftsf\u00fchrer De Niet, LeendertTel.: 0171 4960115leen@ic-dn.de Herren 60 Doppel 1 Mannschaftsf\u00fchrer Okwor, SilasMobil: 0176 64792898suokwor@aol.com Herren 65 Doppel 1 Mannschaftsf\u00fchrer Flinkert, J\u00fcrgenMobil: 0157<span class=\"excerpt-hellip\"> [\u2026]<\/span><\/p>\n","protected":false},"author":1,"featured_media":0,"parent":0,"menu_order":0,"comment_status":"closed","ping_status":"closed","template":"","meta":{"footnotes":""},"class_list":["post-9","page","type-page","status-publish","hentry"],"_links":{"self":[{"href":"https:\/\/germaniahorstmar.de\/tennis\/wp-json\/wp\/v2\/pages\/9","targetHints":{"allow":["GET"]}}],"collection":[{"href":"https:\/\/germaniahorstmar.de\/tennis\/wp-json\/wp\/v2\/pages"}],"about":[{"href":"https:\/\/germaniahorstmar.de\/tennis\/wp-json\/wp\/v2\/types\/page"}],"author":[{"embeddable":true,"href":"https:\/\/germaniahorstmar.de\/tennis\/wp-json\/wp\/v2\/users\/1"}],"replies":[{"embeddable":true,"href":"https:\/\/germaniahorstmar.de\/tennis\/wp-json\/wp\/v2\/comments?post=9"}],"version-history":[{"count":9,"href":"https:\/\/germaniahorstmar.de\/tennis\/wp-json\/wp\/v2\/pages\/9\/revisions"}],"predecessor-version":[{"id":907,"href":"https:\/\/germaniahorstmar.de\/tennis\/wp-json\/wp\/v2\/pages\/9\/revisions\/907"}],"wp:attachment":[{"href":"https:\/\/germaniahorstmar.de\/tennis\/wp-json\/wp\/v2\/media?parent=9"}],"curies":[{"name":"wp","href":"https:\/\/api.w.org\/{rel}","templated":true}]}}